{"id":24159,"date":"2023-10-09T16:08:01","date_gmt":"2023-10-09T15:08:01","guid":{"rendered":"https:\/\/www.iziago.com\/contact\/"},"modified":"2024-06-25T11:21:34","modified_gmt":"2024-06-25T10:21:34","slug":"kontakt","status":"publish","type":"page","link":"https:\/\/www.iziago.com\/de\/kontakt\/","title":{"rendered":"Contact"},"content":{"rendered":"\t\t<div data-elementor-type=\"wp-page\" data-elementor-id=\"24159\" class=\"elementor elementor-24159 elementor-3912\" data-elementor-post-type=\"page\">\n\t\t\t\t\t\t<section class=\"elementor-section elementor-top-section elementor-element elementor-element-9a88fd2 elementor-section-content-middle elementor-section-boxed elementor-section-height-default elementor-section-height-default\" data-id=\"9a88fd2\" data-element_type=\"section\" data-settings=\"{&quot;background_background&quot;:&quot;classic&quot;}\">\n\t\t\t\t\t\t<div class=\"elementor-container elementor-column-gap-no\">\n\t\t\t\t\t<div class=\"elementor-column elementor-col-100 elementor-top-column elementor-element elementor-element-554b55d\" data-id=\"554b55d\" data-element_type=\"column\">\n\t\t\t<div class=\"elementor-widget-wrap elementor-element-populated\">\n\t\t\t\t\t\t<div class=\"elementor-element elementor-element-608065d elementor-widget elementor-widget-heading\" data-id=\"608065d\" data-element_type=\"widget\" data-widget_type=\"heading.default\">\n\t\t\t\t<div class=\"elementor-widget-container\">\n\t\t\t\t\t<h1 class=\"elementor-heading-title elementor-size-default\">Kontaktieren Sie uns<\/h1>\t\t\t\t<\/div>\n\t\t\t\t<\/div>\n\t\t\t\t\t<\/div>\n\t\t<\/div>\n\t\t\t\t\t<\/div>\n\t\t<\/section>\n\t\t\t\t<section class=\"elementor-section elementor-top-section elementor-element elementor-element-f1f36d7 elementor-section-content-middle elementor-section-boxed elementor-section-height-default elementor-section-height-default\" data-id=\"f1f36d7\" data-element_type=\"section\" data-settings=\"{&quot;background_background&quot;:&quot;classic&quot;}\">\n\t\t\t\t\t\t<div class=\"elementor-container elementor-column-gap-no\">\n\t\t\t\t\t<div class=\"elementor-column elementor-col-100 elementor-top-column elementor-element elementor-element-7ea1730\" data-id=\"7ea1730\" data-element_type=\"column\">\n\t\t\t<div class=\"elementor-widget-wrap elementor-element-populated\">\n\t\t\t\t\t\t<div class=\"elementor-element elementor-element-7ced3d8 elementor-widget elementor-widget-heading\" data-id=\"7ced3d8\" data-element_type=\"widget\" data-widget_type=\"heading.default\">\n\t\t\t\t<div class=\"elementor-widget-container\">\n\t\t\t\t\t<h2 class=\"elementor-heading-title elementor-size-default\">Hinterlassen Sie uns eine Nachricht, wir antworten Ihnen so schnell wie m\u00f6glich.<\/h2>\t\t\t\t<\/div>\n\t\t\t\t<\/div>\n\t\t\t\t<div class=\"elementor-element elementor-element-faa4d39 elementor-widget elementor-widget-text-editor\" data-id=\"faa4d39\" data-element_type=\"widget\" data-widget_type=\"text-editor.default\">\n\t\t\t\t<div class=\"elementor-widget-container\">\n\t\t\t\t\t\t\t\t\t<p>M\u00f6chten Sie mehr \u00fcber das Angebot von Cegid Iziago erfahren? Wenden Sie sich an unseren Vertrieb.<\/p>\n<p>Wenn Sie bereits Kunde von Cegid Iziago sind, wenden Sie sich bitte direkt an unseren Support.<\/p>\n\t\t\t\t\t\t\t\t<\/div>\n\t\t\t\t<\/div>\n\t\t\t\t<div class=\"elementor-element elementor-element-0da8762 elementor-widget elementor-widget-template\" data-id=\"0da8762\" data-element_type=\"widget\" data-widget_type=\"template.default\">\n\t\t\t\t<div class=\"elementor-widget-container\">\n\t\t\t\t\t\t\t<div class=\"elementor-template\">\n\t\t\t\t\t<div data-elementor-type=\"section\" data-elementor-id=\"22861\" class=\"elementor elementor-22861 elementor-22808\" data-elementor-post-type=\"elementor_library\">\n\t\t\t\t\t<section class=\"elementor-section elementor-top-section elementor-element elementor-element-ceefc12 elementor-section-boxed elementor-section-height-default elementor-section-height-default\" data-id=\"ceefc12\" data-element_type=\"section\">\n\t\t\t\t\t\t<div class=\"elementor-container elementor-column-gap-default\">\n\t\t\t\t\t<div class=\"elementor-column elementor-col-100 elementor-top-column elementor-element elementor-element-a13a54f\" data-id=\"a13a54f\" data-element_type=\"column\">\n\t\t\t<div class=\"elementor-widget-wrap elementor-element-populated\">\n\t\t\t\t\t\t<div class=\"elementor-element elementor-element-e73e74b elementor-button-align-center elementor-widget elementor-widget-form\" data-id=\"e73e74b\" data-element_type=\"widget\" id=\"IZI-form-contact\" data-settings=\"{&quot;step_next_label&quot;:&quot;Weiter zu&quot;,&quot;step_previous_label&quot;:&quot;Vorherige&quot;,&quot;button_width&quot;:&quot;100&quot;,&quot;step_type&quot;:&quot;number_text&quot;,&quot;step_icon_shape&quot;:&quot;circle&quot;}\" data-widget_type=\"form.default\">\n\t\t\t\t<div class=\"elementor-widget-container\">\n\t\t\t\t\t\t\t<form class=\"elementor-form\" method=\"post\" id=\"IZI_form\" name=\"Formulaire Contact Cegid Iziago [FR]\">\n\t\t\t<input type=\"hidden\" name=\"post_id\" value=\"22861\"\/>\n\t\t\t<input type=\"hidden\" name=\"form_id\" value=\"e73e74b\"\/>\n\t\t\t<input type=\"hidden\" name=\"referer_title\" value=\"Cegid Iziago\" \/>\n\n\t\t\t\n\t\t\t<div class=\"elementor-form-fields-wrapper elementor-labels-\">\n\t\t\t\t\t\t\t\t<div class=\"elementor-field-type-select elementor-field-group elementor-column elementor-field-group-destinataire elementor-col-100 elementor-field-required\">\n\t\t\t\t\t\t\t\t\t\t\t\t<label for=\"form-field-destinataire\" class=\"elementor-field-label elementor-screen-only\">\n\t\t\t\t\t\t\t\tEmpf\u00e4nger\t\t\t\t\t\t\t<\/label>\n\t\t\t\t\t\t\t\t<div class=\"elementor-field elementor-select-wrapper remove-before \">\n\t\t\t<div class=\"select-caret-down-wrapper\">\n\t\t\t\t<i aria-hidden=\"true\" class=\"eicon-caret-down\"><\/i>\t\t\t<\/div>\n\t\t\t<select name=\"form_fields[destinataire]\" id=\"form-field-destinataire\" class=\"elementor-field-textual elementor-size-md\" required=\"required\">\n\t\t\t\t\t\t\t\t\t<option value=\"contact\">Kommerzieller Dienst<\/option>\n\t\t\t\t\t\t\t\t\t<option value=\"support\">Kundenbetreuung<\/option>\n\t\t\t\t\t\t\t<\/select>\n\t\t<\/div>\n\t\t\t\t\t\t<\/div>\n\t\t\t\t\t\t\t\t<div class=\"elementor-field-type-text elementor-field-group elementor-column elementor-field-group-name elementor-col-50 elementor-field-required\">\n\t\t\t\t\t\t\t\t\t\t\t\t<label for=\"form-field-name\" class=\"elementor-field-label elementor-screen-only\">\n\t\t\t\t\t\t\t\tName\t\t\t\t\t\t\t<\/label>\n\t\t\t\t\t\t\t\t\t\t\t\t\t\t<input size=\"1\" type=\"text\" name=\"form_fields[name]\" id=\"form-field-name\" class=\"elementor-field elementor-size-md  elementor-field-textual\" placeholder=\"Name\" required=\"required\">\n\t\t\t\t\t\t\t\t\t\t\t<\/div>\n\t\t\t\t\t\t\t\t<div class=\"elementor-field-type-text elementor-field-group elementor-column elementor-field-group-societe elementor-col-50 elementor-field-required\">\n\t\t\t\t\t\t\t\t\t\t\t\t<label for=\"form-field-societe\" class=\"elementor-field-label elementor-screen-only\">\n\t\t\t\t\t\t\t\tUnternehmen\t\t\t\t\t\t\t<\/label>\n\t\t\t\t\t\t\t\t\t\t\t\t\t\t<input size=\"1\" type=\"text\" name=\"form_fields[societe]\" id=\"form-field-societe\" class=\"elementor-field elementor-size-md  elementor-field-textual\" placeholder=\"Unternehmen\" required=\"required\">\n\t\t\t\t\t\t\t\t\t\t\t<\/div>\n\t\t\t\t\t\t\t\t<div class=\"elementor-field-type-email elementor-field-group elementor-column elementor-field-group-email elementor-col-50 elementor-field-required\">\n\t\t\t\t\t\t\t\t\t\t\t\t<label for=\"form-field-email\" class=\"elementor-field-label elementor-screen-only\">\n\t\t\t\t\t\t\t\tE-mail\t\t\t\t\t\t\t<\/label>\n\t\t\t\t\t\t\t\t\t\t\t\t\t\t<input size=\"1\" type=\"email\" name=\"form_fields[email]\" id=\"form-field-email\" class=\"elementor-field elementor-size-md  elementor-field-textual\" placeholder=\"E-mail\" required=\"required\">\n\t\t\t\t\t\t\t\t\t\t\t<\/div>\n\t\t\t\t\t\t\t\t<div class=\"elementor-field-type-tel elementor-field-group elementor-column elementor-field-group-telephone elementor-col-50\">\n\t\t\t\t\t\t\t\t\t\t\t\t<label for=\"form-field-telephone\" class=\"elementor-field-label elementor-screen-only\">\n\t\t\t\t\t\t\t\tTelefon\t\t\t\t\t\t\t<\/label>\n\t\t\t\t\t\t\t\t<input size=\"1\" type=\"tel\" name=\"form_fields[telephone]\" id=\"form-field-telephone\" class=\"elementor-field elementor-size-md  elementor-field-textual\" placeholder=\"Telefon\" pattern=\"[0-9()#&amp;+*-=.]+\" title=\"Nur Nummern oder Telefon-Zeichen (#, -, *, etc) werden akzeptiert.\">\n\n\t\t\t\t\t\t<\/div>\n\t\t\t\t\t\t\t\t<div class=\"elementor-field-type-select elementor-field-group elementor-column elementor-field-group-field_801182c elementor-col-100 elementor-field-required\">\n\t\t\t\t\t\t\t\t\t\t\t\t<label for=\"form-field-field_801182c\" class=\"elementor-field-label elementor-screen-only\">\n\t\t\t\t\t\t\t\tWie haben Sie von Cegid Iziago erfahren?\t\t\t\t\t\t\t<\/label>\n\t\t\t\t\t\t\t\t<div class=\"elementor-field elementor-select-wrapper remove-before \">\n\t\t\t<div class=\"select-caret-down-wrapper\">\n\t\t\t\t<i aria-hidden=\"true\" class=\"eicon-caret-down\"><\/i>\t\t\t<\/div>\n\t\t\t<select name=\"form_fields[field_801182c]\" id=\"form-field-field_801182c\" class=\"elementor-field-textual elementor-size-md\" required=\"required\">\n\t\t\t\t\t\t\t\t\t<option value=\"Wie haben Sie von Cegid Iziago erfahren?\">Wie haben Sie von Cegid Iziago erfahren?<\/option>\n\t\t\t\t\t\t\t\t\t<option value=\"Google (und andere Suchmaschinen)\">Google (und andere Suchmaschinen)<\/option>\n\t\t\t\t\t\t\t\t\t<option value=\"Werbung oder E-Mailing\">Werbung oder E-Mailing<\/option>\n\t\t\t\t\t\t\t\t\t<option value=\"Soziale Netzwerke (LinkedIn)\">Soziale Netzwerke (LinkedIn)<\/option>\n\t\t\t\t\t\t\t\t\t<option value=\"Artikel (Presse, Internet)\">Artikel (Presse, Internet)<\/option>\n\t\t\t\t\t\t\t\t\t<option value=\"Beratung durch meine Bank\">Beratung durch meine Bank<\/option>\n\t\t\t\t\t\t\t\t\t<option value=\"Pers\u00f6nliche Beziehung\">Pers\u00f6nliche Beziehung<\/option>\n\t\t\t\t\t\t\t\t\t<option value=\"Veranstaltungen\/Messen\">Veranstaltungen\/Messen<\/option>\n\t\t\t\t\t\t\t<\/select>\n\t\t<\/div>\n\t\t\t\t\t\t<\/div>\n\t\t\t\t\t\t\t\t<div class=\"elementor-field-type-textarea elementor-field-group elementor-column elementor-field-group-message elementor-col-100 elementor-field-required\">\n\t\t\t\t\t\t\t\t\t\t\t\t<label for=\"form-field-message\" class=\"elementor-field-label elementor-screen-only\">\n\t\t\t\t\t\t\t\tKommentar oder Nachricht\t\t\t\t\t\t\t<\/label>\n\t\t\t\t\t\t<textarea class=\"elementor-field-textual elementor-field  elementor-size-md\" name=\"form_fields[message]\" id=\"form-field-message\" rows=\"4\" required=\"required\"><\/textarea>\t\t\t\t<\/div>\n\t\t\t\t\t\t\t\t<div class=\"elementor-field-type-checkbox elementor-field-group elementor-column elementor-field-group-newsletter elementor-col-100\">\n\t\t\t\t\t<div class=\"elementor-field-subgroup  \"><span class=\"elementor-field-option\"><input type=\"checkbox\" value=\"Ich m\u00f6chte regelm\u00e4\u00dfig Informationen und Ratschl\u00e4ge erhalten und \u00fcber zuk\u00fcnftige Entwicklungen unserer L\u00f6sungen auf dem Laufenden gehalten werden.\" id=\"form-field-newsletter-0\" name=\"form_fields[newsletter]\"> <label for=\"form-field-newsletter-0\">Ich m\u00f6chte regelm\u00e4\u00dfig Informationen und Ratschl\u00e4ge erhalten und \u00fcber zuk\u00fcnftige Entwicklungen unserer L\u00f6sungen auf dem Laufenden gehalten werden.<\/label><\/span><\/div>\t\t\t\t<\/div>\n\t\t\t\t\t\t\t\t<div class=\"elementor-field-type-recaptcha elementor-field-group elementor-column elementor-field-group-field_1b85a61 elementor-col-100\">\n\t\t\t\t\t<div class=\"elementor-field\" id=\"form-field-field_1b85a61\"><div class=\"elementor-g-recaptcha\" data-sitekey=\"6LcGK9wbAAAAAFxAJneDHJ4I6WZIk7z5hfeW--uu\" data-type=\"v2_checkbox\" data-theme=\"light\" data-size=\"normal\"><\/div><\/div>\t\t\t\t<\/div>\n\t\t\t\t\t\t\t\t<div class=\"elementor-field-group elementor-column elementor-field-type-submit elementor-col-100 e-form__buttons\">\n\t\t\t\t\t<button class=\"elementor-button elementor-size-sm\" type=\"submit\">\n\t\t\t\t\t\t<span class=\"elementor-button-content-wrapper\">\n\t\t\t\t\t\t\t\t\t\t\t\t\t\t\t\t\t\t\t\t\t\t<span class=\"elementor-button-text\">Senden Sie<\/span>\n\t\t\t\t\t\t\t\t\t\t\t\t\t<\/span>\n\t\t\t\t\t<\/button>\n\t\t\t\t<\/div>\n\t\t\t<\/div>\n\t\t<\/form>\n\t\t\t\t\t\t<\/div>\n\t\t\t\t<\/div>\n\t\t\t\t\t<\/div>\n\t\t<\/div>\n\t\t\t\t\t<\/div>\n\t\t<\/section>\n\t\t\t\t<\/div>\n\t\t\t\t<\/div>\n\t\t\t\t\t\t<\/div>\n\t\t\t\t<\/div>\n\t\t\t\t\t<\/div>\n\t\t<\/div>\n\t\t\t\t\t<\/div>\n\t\t<\/section>\n\t\t\t\t<\/div>\n\t\t","protected":false},"excerpt":{"rendered":"<p>Kontaktieren Sie uns Hinterlassen Sie uns eine Nachricht, wir antworten Ihnen so schnell wie m\u00f6glich. M\u00f6chten Sie mehr \u00fcber das Angebot von Cegid Iziago erfahren? Wenden Sie sich an unseren Vertrieb. Wenn Sie bereits Kunde von Cegid Iziago sind, wenden Sie sich bitte direkt an unseren Support.<\/p>\n","protected":false},"author":10,"featured_media":0,"parent":0,"menu_order":0,"comment_status":"closed","ping_status":"closed","template":"","meta":{"site-sidebar-layout":"no-sidebar","site-content-layout":"default","ast-site-content-layout":"","site-content-style":"default","site-sidebar-style":"default","ast-global-header-display":"","ast-banner-title-visibility":"","ast-main-header-display":"","ast-hfb-above-header-display":"","ast-hfb-below-header-display":"","ast-hfb-mobile-header-display":"","site-post-title":"disabled","ast-breadcrumbs-content":"","ast-featured-img":"disabled","footer-sml-layout":"","theme-transparent-header-meta":"default","adv-header-id-meta":"","stick-header-meta":"","header-above-stick-meta":"","header-main-stick-meta":"","header-below-stick-meta":"","astra-migrate-meta-layouts":"default","ast-page-background-enabled":"default","ast-page-background-meta":{"desktop":{"background-color":"var(--ast-global-color-4)","background-image":"","background-repeat":"repeat","background-position":"center center","background-size":"auto","background-attachment":"scroll","background-type":"","background-media":"","overlay-type":"","overlay-color":"","overlay-opacity":"","overlay-gradient":""},"tablet":{"background-color":"","background-image":"","background-repeat":"repeat","background-position":"center center","background-size":"auto","background-attachment":"scroll","background-type":"","background-media":"","overlay-type":"","overlay-color":"","overlay-opacity":"","overlay-gradient":""},"mobile":{"background-color":"","background-image":"","background-repeat":"repeat","background-position":"center center","background-size":"auto","background-attachment":"scroll","background-type":"","background-media":"","overlay-type":"","overlay-color":"","overlay-opacity":"","overlay-gradient":""}},"ast-content-background-meta":{"desktop":{"background-color":"var(--ast-global-color-5)","background-image":"","background-repeat":"repeat","background-position":"center center","background-size":"auto","background-attachment":"scroll","background-type":"","background-media":"","overlay-type":"","overlay-color":"","overlay-opacity":"","overlay-gradient":""},"tablet":{"background-color":"var(--ast-global-color-5)","background-image":"","background-repeat":"repeat","background-position":"center center","background-size":"auto","background-attachment":"scroll","background-type":"","background-media":"","overlay-type":"","overlay-color":"","overlay-opacity":"","overlay-gradient":""},"mobile":{"background-color":"var(--ast-global-color-5)","background-image":"","background-repeat":"repeat","background-position":"center center","background-size":"auto","background-attachment":"scroll","background-type":"","background-media":"","overlay-type":"","overlay-color":"","overlay-opacity":"","overlay-gradient":""}},"footnotes":""},"class_list":["post-24159","page","type-page","status-publish","hentry"],"yoast_head":"<!-- This site is optimized with the Yoast SEO plugin v24.7 - https:\/\/yoast.com\/wordpress\/plugins\/seo\/ -->\n<title>Contact - Cegid Iziago<\/title>\n<meta name=\"description\" content=\"F\u00fcllen Sie das Kontaktformular aus, wir melden uns so schnell wie m\u00f6glich bei Ihnen.\" \/>\n<meta name=\"robots\" content=\"index, follow, max-snippet:-1, max-image-preview:large, max-video-preview:-1\" \/>\n<link rel=\"canonical\" href=\"https:\/\/www.iziago.com\/de\/kontakt\/\" \/>\n<meta property=\"og:locale\" content=\"de_DE\" \/>\n<meta property=\"og:type\" content=\"article\" \/>\n<meta property=\"og:title\" content=\"Contact - Cegid Iziago\" \/>\n<meta property=\"og:description\" content=\"F\u00fcllen Sie das Kontaktformular aus, wir melden uns so schnell wie m\u00f6glich bei Ihnen.\" \/>\n<meta property=\"og:url\" content=\"https:\/\/www.iziago.com\/de\/kontakt\/\" \/>\n<meta property=\"og:site_name\" content=\"Cegid Iziago\" \/>\n<meta property=\"article:modified_time\" content=\"2024-06-25T10:21:34+00:00\" \/>\n<meta name=\"twitter:card\" content=\"summary_large_image\" \/>\n<script type=\"application\/ld+json\" class=\"yoast-schema-graph\">{\"@context\":\"https:\/\/schema.org\",\"@graph\":[{\"@type\":\"WebPage\",\"@id\":\"https:\/\/www.iziago.com\/de\/kontakt\/\",\"url\":\"https:\/\/www.iziago.com\/de\/kontakt\/\",\"name\":\"Contact - Cegid Iziago\",\"isPartOf\":{\"@id\":\"https:\/\/www.iziago.com\/de\/#website\"},\"datePublished\":\"2023-10-09T15:08:01+00:00\",\"dateModified\":\"2024-06-25T10:21:34+00:00\",\"description\":\"F\u00fcllen Sie das Kontaktformular aus, wir melden uns so schnell wie m\u00f6glich bei Ihnen.\",\"breadcrumb\":{\"@id\":\"https:\/\/www.iziago.com\/de\/kontakt\/#breadcrumb\"},\"inLanguage\":\"de\",\"potentialAction\":[{\"@type\":\"ReadAction\",\"target\":[\"https:\/\/www.iziago.com\/de\/kontakt\/\"]}]},{\"@type\":\"BreadcrumbList\",\"@id\":\"https:\/\/www.iziago.com\/de\/kontakt\/#breadcrumb\",\"itemListElement\":[{\"@type\":\"ListItem\",\"position\":1,\"name\":\"Home\",\"item\":\"https:\/\/www.iziago.com\/de\/\"},{\"@type\":\"ListItem\",\"position\":2,\"name\":\"Contact\"}]},{\"@type\":\"WebSite\",\"@id\":\"https:\/\/www.iziago.com\/de\/#website\",\"url\":\"https:\/\/www.iziago.com\/de\/\",\"name\":\"Cegid Iziago\",\"description\":\"Logiciel de gestion des paiements et de la tr\u00e9sorerie pour les PME\",\"publisher\":{\"@id\":\"https:\/\/www.iziago.com\/de\/#organization\"},\"potentialAction\":[{\"@type\":\"SearchAction\",\"target\":{\"@type\":\"EntryPoint\",\"urlTemplate\":\"https:\/\/www.iziago.com\/de\/?s={search_term_string}\"},\"query-input\":{\"@type\":\"PropertyValueSpecification\",\"valueRequired\":true,\"valueName\":\"search_term_string\"}}],\"inLanguage\":\"de\"},{\"@type\":\"Organization\",\"@id\":\"https:\/\/www.iziago.com\/de\/#organization\",\"name\":\"Iziago\",\"url\":\"https:\/\/www.iziago.com\/de\/\",\"logo\":{\"@type\":\"ImageObject\",\"inLanguage\":\"de\",\"@id\":\"https:\/\/www.iziago.com\/de\/#\/schema\/logo\/image\/\",\"url\":\"https:\/\/www.iziago.com\/wp-content\/uploads\/2021\/06\/logo-iziago.png\",\"contentUrl\":\"https:\/\/www.iziago.com\/wp-content\/uploads\/2021\/06\/logo-iziago.png\",\"width\":349,\"height\":137,\"caption\":\"Iziago\"},\"image\":{\"@id\":\"https:\/\/www.iziago.com\/de\/#\/schema\/logo\/image\/\"},\"sameAs\":[\"https:\/\/fr.linkedin.com\/showcase\/iziago-software\",\"https:\/\/www.pinterest.fr\/iziago0513\/\",\"https:\/\/www.youtube.com\/channel\/UCpSg6OA9VmRaU7H3AjlAH5g\"]}]}<\/script>\n<!-- \/ Yoast SEO plugin. -->","yoast_head_json":{"title":"Contact - Cegid Iziago","description":"F\u00fcllen Sie das Kontaktformular aus, wir melden uns so schnell wie m\u00f6glich bei Ihnen.","robots":{"index":"index","follow":"follow","max-snippet":"max-snippet:-1","max-image-preview":"max-image-preview:large","max-video-preview":"max-video-preview:-1"},"canonical":"https:\/\/www.iziago.com\/de\/kontakt\/","og_locale":"de_DE","og_type":"article","og_title":"Contact - Cegid Iziago","og_description":"F\u00fcllen Sie das Kontaktformular aus, wir melden uns so schnell wie m\u00f6glich bei Ihnen.","og_url":"https:\/\/www.iziago.com\/de\/kontakt\/","og_site_name":"Cegid Iziago","article_modified_time":"2024-06-25T10:21:34+00:00","twitter_card":"summary_large_image","schema":{"@context":"https:\/\/schema.org","@graph":[{"@type":"WebPage","@id":"https:\/\/www.iziago.com\/de\/kontakt\/","url":"https:\/\/www.iziago.com\/de\/kontakt\/","name":"Contact - Cegid Iziago","isPartOf":{"@id":"https:\/\/www.iziago.com\/de\/#website"},"datePublished":"2023-10-09T15:08:01+00:00","dateModified":"2024-06-25T10:21:34+00:00","description":"F\u00fcllen Sie das Kontaktformular aus, wir melden uns so schnell wie m\u00f6glich bei Ihnen.","breadcrumb":{"@id":"https:\/\/www.iziago.com\/de\/kontakt\/#breadcrumb"},"inLanguage":"de","potentialAction":[{"@type":"ReadAction","target":["https:\/\/www.iziago.com\/de\/kontakt\/"]}]},{"@type":"BreadcrumbList","@id":"https:\/\/www.iziago.com\/de\/kontakt\/#breadcrumb","itemListElement":[{"@type":"ListItem","position":1,"name":"Home","item":"https:\/\/www.iziago.com\/de\/"},{"@type":"ListItem","position":2,"name":"Contact"}]},{"@type":"WebSite","@id":"https:\/\/www.iziago.com\/de\/#website","url":"https:\/\/www.iziago.com\/de\/","name":"Cegid Iziago","description":"Logiciel de gestion des paiements et de la tr\u00e9sorerie pour les PME","publisher":{"@id":"https:\/\/www.iziago.com\/de\/#organization"},"potentialAction":[{"@type":"SearchAction","target":{"@type":"EntryPoint","urlTemplate":"https:\/\/www.iziago.com\/de\/?s={search_term_string}"},"query-input":{"@type":"PropertyValueSpecification","valueRequired":true,"valueName":"search_term_string"}}],"inLanguage":"de"},{"@type":"Organization","@id":"https:\/\/www.iziago.com\/de\/#organization","name":"Iziago","url":"https:\/\/www.iziago.com\/de\/","logo":{"@type":"ImageObject","inLanguage":"de","@id":"https:\/\/www.iziago.com\/de\/#\/schema\/logo\/image\/","url":"https:\/\/www.iziago.com\/wp-content\/uploads\/2021\/06\/logo-iziago.png","contentUrl":"https:\/\/www.iziago.com\/wp-content\/uploads\/2021\/06\/logo-iziago.png","width":349,"height":137,"caption":"Iziago"},"image":{"@id":"https:\/\/www.iziago.com\/de\/#\/schema\/logo\/image\/"},"sameAs":["https:\/\/fr.linkedin.com\/showcase\/iziago-software","https:\/\/www.pinterest.fr\/iziago0513\/","https:\/\/www.youtube.com\/channel\/UCpSg6OA9VmRaU7H3AjlAH5g"]}]}},"_links":{"self":[{"href":"https:\/\/www.iziago.com\/de\/wp-json\/wp\/v2\/pages\/24159","targetHints":{"allow":["GET"]}}],"collection":[{"href":"https:\/\/www.iziago.com\/de\/wp-json\/wp\/v2\/pages"}],"about":[{"href":"https:\/\/www.iziago.com\/de\/wp-json\/wp\/v2\/types\/page"}],"author":[{"embeddable":true,"href":"https:\/\/www.iziago.com\/de\/wp-json\/wp\/v2\/users\/10"}],"replies":[{"embeddable":true,"href":"https:\/\/www.iziago.com\/de\/wp-json\/wp\/v2\/comments?post=24159"}],"version-history":[{"count":6,"href":"https:\/\/www.iziago.com\/de\/wp-json\/wp\/v2\/pages\/24159\/revisions"}],"predecessor-version":[{"id":28226,"href":"https:\/\/www.iziago.com\/de\/wp-json\/wp\/v2\/pages\/24159\/revisions\/28226"}],"wp:attachment":[{"href":"https:\/\/www.iziago.com\/de\/wp-json\/wp\/v2\/media?parent=24159"}],"curies":[{"name":"wp","href":"https:\/\/api.w.org\/{rel}","templated":true}]}}