{"id":24187,"date":"2023-10-09T16:08:30","date_gmt":"2023-10-09T15:08:30","guid":{"rendered":"https:\/\/www.iziago.com\/qui-sommes-nous\/"},"modified":"2025-01-07T14:41:04","modified_gmt":"2025-01-07T13:41:04","slug":"wer-sind-wir","status":"publish","type":"page","link":"https:\/\/www.iziago.com\/de\/wer-sind-wir\/","title":{"rendered":"Wer sind wir?"},"content":{"rendered":"\t\t<div data-elementor-type=\"wp-page\" data-elementor-id=\"24187\" class=\"elementor elementor-24187 elementor-7153\" data-elementor-post-type=\"page\">\n\t\t\t\t\t\t<section class=\"elementor-section elementor-top-section elementor-element elementor-element-a780405 elementor-section-content-middle elementor-section-boxed elementor-section-height-default elementor-section-height-default\" data-id=\"a780405\" data-element_type=\"section\" data-settings=\"{&quot;background_background&quot;:&quot;classic&quot;}\">\n\t\t\t\t\t\t<div class=\"elementor-container elementor-column-gap-no\">\n\t\t\t\t\t<div class=\"elementor-column elementor-col-100 elementor-top-column elementor-element elementor-element-3c07c3b\" data-id=\"3c07c3b\" data-element_type=\"column\">\n\t\t\t<div class=\"elementor-widget-wrap elementor-element-populated\">\n\t\t\t\t\t\t<div class=\"elementor-element elementor-element-b2277fb elementor-widget elementor-widget-heading\" data-id=\"b2277fb\" data-element_type=\"widget\" data-widget_type=\"heading.default\">\n\t\t\t\t<div class=\"elementor-widget-container\">\n\t\t\t\t\t<h1 class=\"elementor-heading-title elementor-size-default\">Cegid Iziago, eine von Exalog, a Cegid company herausgegebene Software<\/h1>\t\t\t\t<\/div>\n\t\t\t\t<\/div>\n\t\t\t\t\t<\/div>\n\t\t<\/div>\n\t\t\t\t\t<\/div>\n\t\t<\/section>\n\t\t\t\t<section class=\"elementor-section elementor-top-section elementor-element elementor-element-ce7fff3 elementor-section-content-middle elementor-section-boxed elementor-section-height-default elementor-section-height-default\" data-id=\"ce7fff3\" data-element_type=\"section\">\n\t\t\t\t\t\t<div class=\"elementor-container elementor-column-gap-no\">\n\t\t\t\t\t<div class=\"elementor-column elementor-col-100 elementor-top-column elementor-element elementor-element-f693da5\" data-id=\"f693da5\" data-element_type=\"column\">\n\t\t\t<div class=\"elementor-widget-wrap elementor-element-populated\">\n\t\t\t\t\t\t<div class=\"elementor-element elementor-element-479c18f elementor-widget elementor-widget-heading\" data-id=\"479c18f\" data-element_type=\"widget\" data-widget_type=\"heading.default\">\n\t\t\t\t<div class=\"elementor-widget-container\">\n\t\t\t\t\t<h2 class=\"elementor-heading-title elementor-size-default\">Exalog, a Cegid company: Herausgeber von Software im SaaS-Modus<\/h2>\t\t\t\t<\/div>\n\t\t\t\t<\/div>\n\t\t\t\t<div class=\"elementor-element elementor-element-1489efc elementor-widget elementor-widget-heading\" data-id=\"1489efc\" data-element_type=\"widget\" data-widget_type=\"heading.default\">\n\t\t\t\t<div class=\"elementor-widget-container\">\n\t\t\t\t\t<span class=\"elementor-heading-title elementor-size-default\">*SaaS=Software as a Service<\/span>\t\t\t\t<\/div>\n\t\t\t\t<\/div>\n\t\t\t\t<div class=\"elementor-element elementor-element-3154ec7 elementor-widget elementor-widget-text-editor\" data-id=\"3154ec7\" data-element_type=\"widget\" data-widget_type=\"text-editor.default\">\n\t\t\t\t<div class=\"elementor-widget-container\">\n\t\t\t\t\t\t\t\t\t<p><span class=\"IZI-accentue\">Spezialist f\u00fcr Finanzstr\u00f6me seit 1984<\/span><br \/>Cegid Iziago ist ein Softwarepaket, das von Exalog, seit 2016 ein Cegid-Unternehmen, herausgegeben wird.<\/p>\n\t\t\t\t\t\t\t\t<\/div>\n\t\t\t\t<\/div>\n\t\t\t\t\t<\/div>\n\t\t<\/div>\n\t\t\t\t\t<\/div>\n\t\t<\/section>\n\t\t\t\t<section class=\"elementor-section elementor-top-section elementor-element elementor-element-17d57b4 elementor-section-content-middle elementor-section-boxed elementor-section-height-default elementor-section-height-default\" data-id=\"17d57b4\" data-element_type=\"section\">\n\t\t\t\t\t\t<div class=\"elementor-container elementor-column-gap-no\">\n\t\t\t\t\t<div class=\"elementor-column elementor-col-50 elementor-top-column elementor-element elementor-element-8b1b823\" data-id=\"8b1b823\" data-element_type=\"column\">\n\t\t\t<div class=\"elementor-widget-wrap elementor-element-populated\">\n\t\t\t\t\t\t<div class=\"elementor-element elementor-element-c68bb57 elementor-widget elementor-widget-heading\" data-id=\"c68bb57\" data-element_type=\"widget\" data-widget_type=\"heading.default\">\n\t\t\t\t<div class=\"elementor-widget-container\">\n\t\t\t\t\t<h2 class=\"elementor-heading-title elementor-size-default\">Exalog, a Cegid company bietet Unternehmen Software f\u00fcr das <span>Zahlungs- und Liquidit\u00e4tsmanagement<\/span><\/h2>\t\t\t\t<\/div>\n\t\t\t\t<\/div>\n\t\t\t\t<div class=\"elementor-element elementor-element-d67e25b elementor-widget elementor-widget-heading\" data-id=\"d67e25b\" data-element_type=\"widget\" data-widget_type=\"heading.default\">\n\t\t\t\t<div class=\"elementor-widget-container\">\n\t\t\t\t\t<h3 class=\"elementor-heading-title elementor-size-default\">Von \u00fcberall aus verf\u00fcgbare Anwendungen<\/h3>\t\t\t\t<\/div>\n\t\t\t\t<\/div>\n\t\t\t\t<div class=\"elementor-element elementor-element-0ecdef0 elementor-widget elementor-widget-text-editor\" data-id=\"0ecdef0\" data-element_type=\"widget\" data-widget_type=\"text-editor.default\">\n\t\t\t\t<div class=\"elementor-widget-container\">\n\t\t\t\t\t\t\t\t\t<p>Die von Exalog, a Cegid company entwickelten Anwendungen <strong>stehen im SaaS-Modus (Software as a Service) zur Verf\u00fcgung<\/strong>, d. h. sie sind \u00fcber eine einfache Internetverbindung und somit rund um die Uhr verf\u00fcgbar. Dank der einfachen Einrichtung und Bedienung k\u00f6nnen die Nutzer die Software von Exalog, a Cegid company schnell nutzen. <\/p>\n\t\t\t\t\t\t\t\t<\/div>\n\t\t\t\t<\/div>\n\t\t\t\t<div class=\"elementor-element elementor-element-7d945b1 elementor-widget elementor-widget-heading\" data-id=\"7d945b1\" data-element_type=\"widget\" data-widget_type=\"heading.default\">\n\t\t\t\t<div class=\"elementor-widget-container\">\n\t\t\t\t\t<h3 class=\"elementor-heading-title elementor-size-default\">Ein zuverl\u00e4ssiger Partner<\/h3>\t\t\t\t<\/div>\n\t\t\t\t<\/div>\n\t\t\t\t<div class=\"elementor-element elementor-element-d9f63aa elementor-widget elementor-widget-text-editor\" data-id=\"d9f63aa\" data-element_type=\"widget\" data-widget_type=\"text-editor.default\">\n\t\t\t\t<div class=\"elementor-widget-container\">\n\t\t\t\t\t\t\t\t\t<p>An die <strong>12 000 Unternehmen aller Gr\u00f6\u00dfenordnungen in 100<\/strong> L\u00e4ndern nutzen Software von Exalog, a Cegid company, dessen Systeme damit 175 Millionen Banktransaktionen im Jahr bearbeiten. Sechs europ\u00e4ische Banken haben sich entschieden, L\u00f6sungen von Exalog, a Cegid company direkt an ihre eigenen Kunden zu vertreiben. <\/p>\n\t\t\t\t\t\t\t\t<\/div>\n\t\t\t\t<\/div>\n\t\t\t\t<div class=\"elementor-element elementor-element-9c15404 elementor-align-center elementor-widget elementor-widget-button\" data-id=\"9c15404\" data-element_type=\"widget\" data-widget_type=\"button.default\">\n\t\t\t\t<div class=\"elementor-widget-container\">\n\t\t\t\t\t\t\t\t\t<div class=\"elementor-button-wrapper\">\n\t\t\t\t\t<a class=\"elementor-button elementor-button-link elementor-size-sm\" href=\"https:\/\/www.iziago.com\/de\/kontakt\/\">\n\t\t\t\t\t\t<span class=\"elementor-button-content-wrapper\">\n\t\t\t\t\t\t\t\t\t<span class=\"elementor-button-text\">Kontaktieren sie uns<\/span>\n\t\t\t\t\t<\/span>\n\t\t\t\t\t<\/a>\n\t\t\t\t<\/div>\n\t\t\t\t\t\t\t\t<\/div>\n\t\t\t\t<\/div>\n\t\t\t\t\t<\/div>\n\t\t<\/div>\n\t\t\t\t<div class=\"elementor-column elementor-col-50 elementor-top-column elementor-element elementor-element-dfec4b0\" data-id=\"dfec4b0\" data-element_type=\"column\">\n\t\t\t<div class=\"elementor-widget-wrap elementor-element-populated\">\n\t\t\t\t\t\t<div class=\"elementor-element elementor-element-8ca136a elementor-widget elementor-widget-image\" data-id=\"8ca136a\" data-element_type=\"widget\" data-widget_type=\"image.default\">\n\t\t\t\t<div class=\"elementor-widget-container\">\n\t\t\t\t\t\t\t\t\t\t\t\t\t\t\t<img fetchpriority=\"high\" decoding=\"async\" width=\"1100\" height=\"660\" src=\"https:\/\/www.iziago.com\/wp-content\/uploads\/2021\/08\/meeting.jpg\" class=\"attachment-full size-full wp-image-19327\" alt=\"\" srcset=\"https:\/\/www.iziago.com\/wp-content\/uploads\/2021\/08\/meeting.jpg 1100w, https:\/\/www.iziago.com\/wp-content\/uploads\/2021\/08\/meeting-300x180.jpg 300w, https:\/\/www.iziago.com\/wp-content\/uploads\/2021\/08\/meeting-1024x614.jpg 1024w, https:\/\/www.iziago.com\/wp-content\/uploads\/2021\/08\/meeting-768x461.jpg 768w\" sizes=\"(max-width: 1100px) 100vw, 1100px\" \/>\t\t\t\t\t\t\t\t\t\t\t\t\t\t\t<\/div>\n\t\t\t\t<\/div>\n\t\t\t\t\t<\/div>\n\t\t<\/div>\n\t\t\t\t\t<\/div>\n\t\t<\/section>\n\t\t\t\t<section class=\"elementor-section elementor-top-section elementor-element elementor-element-fdf7c50 elementor-section-content-middle elementor-section-boxed elementor-section-height-default elementor-section-height-default\" data-id=\"fdf7c50\" data-element_type=\"section\" id=\"IZI-autres-solutions\">\n\t\t\t\t\t\t<div class=\"elementor-container elementor-column-gap-no\">\n\t\t\t\t\t<div class=\"elementor-column elementor-col-100 elementor-top-column elementor-element elementor-element-42d35bd\" data-id=\"42d35bd\" data-element_type=\"column\">\n\t\t\t<div class=\"elementor-widget-wrap elementor-element-populated\">\n\t\t\t\t\t\t<div class=\"elementor-element elementor-element-b6ce201 elementor-widget elementor-widget-heading\" data-id=\"b6ce201\" data-element_type=\"widget\" data-widget_type=\"heading.default\">\n\t\t\t\t<div class=\"elementor-widget-container\">\n\t\t\t\t\t<h2 class=\"elementor-heading-title elementor-size-default\">Unsere anderen <span>L\u00f6sungen<\/span><\/h2>\t\t\t\t<\/div>\n\t\t\t\t<\/div>\n\t\t\t\t<section class=\"elementor-section elementor-inner-section elementor-element elementor-element-29887db elementor-section-boxed elementor-section-height-default elementor-section-height-default\" data-id=\"29887db\" data-element_type=\"section\">\n\t\t\t\t\t\t<div class=\"elementor-container elementor-column-gap-no\">\n\t\t\t\t\t<div class=\"elementor-column elementor-col-50 elementor-inner-column elementor-element elementor-element-017aad0\" data-id=\"017aad0\" data-element_type=\"column\">\n\t\t\t<div class=\"elementor-widget-wrap elementor-element-populated\">\n\t\t\t\t\t\t<div class=\"elementor-element elementor-element-0bed7f7 elementor-position-top elementor-widget elementor-widget-image-box\" data-id=\"0bed7f7\" data-element_type=\"widget\" data-widget_type=\"image-box.default\">\n\t\t\t\t<div class=\"elementor-widget-container\">\n\t\t\t\t\t<div class=\"elementor-image-box-wrapper\"><figure class=\"elementor-image-box-img\"><img decoding=\"async\" width=\"564\" height=\"360\" src=\"https:\/\/www.iziago.com\/wp-content\/uploads\/2022\/05\/solution-exabanque-fr.jpg\" class=\"attachment-medium_large size-medium_large wp-image-20700\" alt=\"Solution Exabanque\" srcset=\"https:\/\/www.iziago.com\/wp-content\/uploads\/2022\/05\/solution-exabanque-fr.jpg 564w, https:\/\/www.iziago.com\/wp-content\/uploads\/2022\/05\/solution-exabanque-fr-300x191.jpg 300w\" sizes=\"(max-width: 564px) 100vw, 564px\" \/><\/figure><div class=\"elementor-image-box-content\"><h3 class=\"elementor-image-box-title\">Internetbasierte Multibanking- und Cash-Management-Software f\u00fcr KMUs<\/h3><p class=\"elementor-image-box-description\">Cegid Exabanque ist eine L\u00f6sung zur Verwaltung von Multibank-Fl\u00fcssen in der SEPA-Zone. Die erweiterten Funktionen der Software erm\u00f6glichen eine vollst\u00e4ndige Verwaltung Ihrer Zahlungsstr\u00f6me: Bankkommunikation mit dem EBICS-Protokoll, Optimierung des Cashflows, Bankabstimmung, Automatisierung der Zahlungsstr\u00f6me dank der Schnittstelle zu Ihrer Verwaltungssoftware (ERP und Buchhaltung), etc.  <a class=\"IZI-a-bt\" href=\"https:\/\/www.exabanque.com\/en\" target=\"_blank\">Cegid Exabanque entdecken<\/a><\/p><\/div><\/div>\t\t\t\t<\/div>\n\t\t\t\t<\/div>\n\t\t\t\t\t<\/div>\n\t\t<\/div>\n\t\t\t\t<div class=\"elementor-column elementor-col-50 elementor-inner-column elementor-element elementor-element-0dbadeb\" data-id=\"0dbadeb\" data-element_type=\"column\">\n\t\t\t<div class=\"elementor-widget-wrap elementor-element-populated\">\n\t\t\t\t\t\t<div class=\"elementor-element elementor-element-d71ae49 elementor-position-top elementor-widget elementor-widget-image-box\" data-id=\"d71ae49\" data-element_type=\"widget\" data-widget_type=\"image-box.default\">\n\t\t\t\t<div class=\"elementor-widget-container\">\n\t\t\t\t\t<div class=\"elementor-image-box-wrapper\"><figure class=\"elementor-image-box-img\"><img decoding=\"async\" width=\"564\" height=\"360\" src=\"https:\/\/www.iziago.com\/wp-content\/uploads\/2022\/05\/solution-allmybanks-fr.jpg\" class=\"attachment-medium_large size-medium_large wp-image-20705\" alt=\"Solution Allmybanks\" srcset=\"https:\/\/www.iziago.com\/wp-content\/uploads\/2022\/05\/solution-allmybanks-fr.jpg 564w, https:\/\/www.iziago.com\/wp-content\/uploads\/2022\/05\/solution-allmybanks-fr-300x191.jpg 300w\" sizes=\"(max-width: 564px) 100vw, 564px\" \/><\/figure><div class=\"elementor-image-box-content\"><h3 class=\"elementor-image-box-title\">Internationale Zahlungs- und Treasury-Software Gruppe<\/h3><p class=\"elementor-image-box-description\">Cegid Allmybanks ist eine Software f\u00fcr die Zahlungsabwicklung und das Cash-Management gro\u00dfer Konzerne. F\u00fcr die internationale Bankkommunikation bietet Cegid Allmybanks die Protokolle EBICS und FTP sowie eine Verbindung zum SWIFTnet-Netzwerk (L2BA). Mit dieser SWIFT-zertifizierten L\u00f6sung profitieren Sie von erh\u00f6hter Sicherheit: Validierungs-Workflow f\u00fcr Zahlungen und Empf\u00e4nger, automatische Pr\u00fcfung von Dritten, 4\/6-Augen-Prinzip usw.   <a class=\"IZI-a-bt\" href=\"https:\/\/www.allmybanks.com\/de\" target=\"_blank\">Cegid Allmybanks entdecken<\/a><\/p><\/div><\/div>\t\t\t\t<\/div>\n\t\t\t\t<\/div>\n\t\t\t\t\t<\/div>\n\t\t<\/div>\n\t\t\t\t\t<\/div>\n\t\t<\/section>\n\t\t\t\t\t<\/div>\n\t\t<\/div>\n\t\t\t\t\t<\/div>\n\t\t<\/section>\n\t\t\t\t<\/div>\n\t\t","protected":false},"excerpt":{"rendered":"<p>Cegid Iziago, eine von Exalog, a Cegid company herausgegebene Software Exalog, a Cegid company: Herausgeber von Software im SaaS-Modus *SaaS=Software as a Service Spezialist f\u00fcr Finanzstr\u00f6me seit 1984Cegid Iziago ist ein Softwarepaket, das von Exalog, seit 2016 ein Cegid-Unternehmen, herausgegeben wird. Exalog, a Cegid company bietet Unternehmen Software f\u00fcr das Zahlungs- und Liquidit\u00e4tsmanagement Von \u00fcberall [&hellip;]<\/p>\n","protected":false},"author":10,"featured_media":0,"parent":0,"menu_order":0,"comment_status":"closed","ping_status":"closed","template":"","meta":{"site-sidebar-layout":"no-sidebar","site-content-layout":"default","ast-site-content-layout":"","site-content-style":"default","site-sidebar-style":"default","ast-global-header-display":"","ast-banner-title-visibility":"","ast-main-header-display":"","ast-hfb-above-header-display":"","ast-hfb-below-header-display":"","ast-hfb-mobile-header-display":"","site-post-title":"disabled","ast-breadcrumbs-content":"","ast-featured-img":"disabled","footer-sml-layout":"","theme-transparent-header-meta":"default","adv-header-id-meta":"","stick-header-meta":"","header-above-stick-meta":"","header-main-stick-meta":"","header-below-stick-meta":"","astra-migrate-meta-layouts":"default","ast-page-background-enabled":"default","ast-page-background-meta":{"desktop":{"background-color":"var(--ast-global-color-4)","background-image":"","background-repeat":"repeat","background-position":"center center","background-size":"auto","background-attachment":"scroll","background-type":"","background-media":"","overlay-type":"","overlay-color":"","overlay-opacity":"","overlay-gradient":""},"tablet":{"background-color":"","background-image":"","background-repeat":"repeat","background-position":"center center","background-size":"auto","background-attachment":"scroll","background-type":"","background-media":"","overlay-type":"","overlay-color":"","overlay-opacity":"","overlay-gradient":""},"mobile":{"background-color":"","background-image":"","background-repeat":"repeat","background-position":"center center","background-size":"auto","background-attachment":"scroll","background-type":"","background-media":"","overlay-type":"","overlay-color":"","overlay-opacity":"","overlay-gradient":""}},"ast-content-background-meta":{"desktop":{"background-color":"var(--ast-global-color-5)","background-image":"","background-repeat":"repeat","background-position":"center center","background-size":"auto","background-attachment":"scroll","background-type":"","background-media":"","overlay-type":"","overlay-color":"","overlay-opacity":"","overlay-gradient":""},"tablet":{"background-color":"var(--ast-global-color-5)","background-image":"","background-repeat":"repeat","background-position":"center center","background-size":"auto","background-attachment":"scroll","background-type":"","background-media":"","overlay-type":"","overlay-color":"","overlay-opacity":"","overlay-gradient":""},"mobile":{"background-color":"var(--ast-global-color-5)","background-image":"","background-repeat":"repeat","background-position":"center center","background-size":"auto","background-attachment":"scroll","background-type":"","background-media":"","overlay-type":"","overlay-color":"","overlay-opacity":"","overlay-gradient":""}},"footnotes":""},"class_list":["post-24187","page","type-page","status-publish","hentry"],"yoast_head":"<!-- This site is optimized with the Yoast SEO plugin v24.7 - https:\/\/yoast.com\/wordpress\/plugins\/seo\/ -->\n<title>Wer sind wir? - Cegid Iziago<\/title>\n<meta name=\"description\" content=\"Das Unternehmen Exalog wurde 1984 gegr\u00fcndet und ist auf die Entwicklung von Zahlungs- und Cash-Management-Software im SaaS-Modus spezialisiert.\" \/>\n<meta name=\"robots\" content=\"index, follow, max-snippet:-1, max-image-preview:large, max-video-preview:-1\" \/>\n<link rel=\"canonical\" href=\"https:\/\/www.iziago.com\/de\/wer-sind-wir\/\" \/>\n<meta property=\"og:locale\" content=\"de_DE\" \/>\n<meta property=\"og:type\" content=\"article\" \/>\n<meta property=\"og:title\" content=\"Wer sind wir? - Cegid Iziago\" \/>\n<meta property=\"og:description\" content=\"Das Unternehmen Exalog wurde 1984 gegr\u00fcndet und ist auf die Entwicklung von Zahlungs- und Cash-Management-Software im SaaS-Modus spezialisiert.\" \/>\n<meta property=\"og:url\" content=\"https:\/\/www.iziago.com\/de\/wer-sind-wir\/\" \/>\n<meta property=\"og:site_name\" content=\"Cegid Iziago\" \/>\n<meta property=\"article:modified_time\" content=\"2025-01-07T13:41:04+00:00\" \/>\n<meta property=\"og:image\" content=\"https:\/\/www.iziago.com\/wp-content\/uploads\/2021\/08\/meeting.jpg\" \/>\n\t<meta property=\"og:image:width\" content=\"1100\" \/>\n\t<meta property=\"og:image:height\" content=\"660\" \/>\n\t<meta property=\"og:image:type\" content=\"image\/jpeg\" \/>\n<meta name=\"twitter:card\" content=\"summary_large_image\" \/>\n<meta name=\"twitter:label1\" content=\"Gesch\u00e4tzte Lesezeit\" \/>\n\t<meta name=\"twitter:data1\" content=\"1\u00a0Minute\" \/>\n<script type=\"application\/ld+json\" class=\"yoast-schema-graph\">{\"@context\":\"https:\/\/schema.org\",\"@graph\":[{\"@type\":\"WebPage\",\"@id\":\"https:\/\/www.iziago.com\/de\/wer-sind-wir\/\",\"url\":\"https:\/\/www.iziago.com\/de\/wer-sind-wir\/\",\"name\":\"Wer sind wir? - Cegid Iziago\",\"isPartOf\":{\"@id\":\"https:\/\/www.iziago.com\/de\/#website\"},\"primaryImageOfPage\":{\"@id\":\"https:\/\/www.iziago.com\/de\/wer-sind-wir\/#primaryimage\"},\"image\":{\"@id\":\"https:\/\/www.iziago.com\/de\/wer-sind-wir\/#primaryimage\"},\"thumbnailUrl\":\"https:\/\/www.iziago.com\/wp-content\/uploads\/2021\/08\/meeting.jpg\",\"datePublished\":\"2023-10-09T15:08:30+00:00\",\"dateModified\":\"2025-01-07T13:41:04+00:00\",\"description\":\"Das Unternehmen Exalog wurde 1984 gegr\u00fcndet und ist auf die Entwicklung von Zahlungs- und Cash-Management-Software im SaaS-Modus spezialisiert.\",\"breadcrumb\":{\"@id\":\"https:\/\/www.iziago.com\/de\/wer-sind-wir\/#breadcrumb\"},\"inLanguage\":\"de\",\"potentialAction\":[{\"@type\":\"ReadAction\",\"target\":[\"https:\/\/www.iziago.com\/de\/wer-sind-wir\/\"]}]},{\"@type\":\"ImageObject\",\"inLanguage\":\"de\",\"@id\":\"https:\/\/www.iziago.com\/de\/wer-sind-wir\/#primaryimage\",\"url\":\"https:\/\/www.iziago.com\/wp-content\/uploads\/2021\/08\/meeting.jpg\",\"contentUrl\":\"https:\/\/www.iziago.com\/wp-content\/uploads\/2021\/08\/meeting.jpg\"},{\"@type\":\"BreadcrumbList\",\"@id\":\"https:\/\/www.iziago.com\/de\/wer-sind-wir\/#breadcrumb\",\"itemListElement\":[{\"@type\":\"ListItem\",\"position\":1,\"name\":\"Home\",\"item\":\"https:\/\/www.iziago.com\/de\/\"},{\"@type\":\"ListItem\",\"position\":2,\"name\":\"Wer sind wir?\"}]},{\"@type\":\"WebSite\",\"@id\":\"https:\/\/www.iziago.com\/de\/#website\",\"url\":\"https:\/\/www.iziago.com\/de\/\",\"name\":\"Cegid Iziago\",\"description\":\"Logiciel de gestion des paiements et de la tr\u00e9sorerie pour les PME\",\"publisher\":{\"@id\":\"https:\/\/www.iziago.com\/de\/#organization\"},\"potentialAction\":[{\"@type\":\"SearchAction\",\"target\":{\"@type\":\"EntryPoint\",\"urlTemplate\":\"https:\/\/www.iziago.com\/de\/?s={search_term_string}\"},\"query-input\":{\"@type\":\"PropertyValueSpecification\",\"valueRequired\":true,\"valueName\":\"search_term_string\"}}],\"inLanguage\":\"de\"},{\"@type\":\"Organization\",\"@id\":\"https:\/\/www.iziago.com\/de\/#organization\",\"name\":\"Iziago\",\"url\":\"https:\/\/www.iziago.com\/de\/\",\"logo\":{\"@type\":\"ImageObject\",\"inLanguage\":\"de\",\"@id\":\"https:\/\/www.iziago.com\/de\/#\/schema\/logo\/image\/\",\"url\":\"https:\/\/www.iziago.com\/wp-content\/uploads\/2021\/06\/logo-iziago.png\",\"contentUrl\":\"https:\/\/www.iziago.com\/wp-content\/uploads\/2021\/06\/logo-iziago.png\",\"width\":349,\"height\":137,\"caption\":\"Iziago\"},\"image\":{\"@id\":\"https:\/\/www.iziago.com\/de\/#\/schema\/logo\/image\/\"},\"sameAs\":[\"https:\/\/fr.linkedin.com\/showcase\/iziago-software\",\"https:\/\/www.pinterest.fr\/iziago0513\/\",\"https:\/\/www.youtube.com\/channel\/UCpSg6OA9VmRaU7H3AjlAH5g\"]}]}<\/script>\n<!-- \/ Yoast SEO plugin. -->","yoast_head_json":{"title":"Wer sind wir? - Cegid Iziago","description":"Das Unternehmen Exalog wurde 1984 gegr\u00fcndet und ist auf die Entwicklung von Zahlungs- und Cash-Management-Software im SaaS-Modus spezialisiert.","robots":{"index":"index","follow":"follow","max-snippet":"max-snippet:-1","max-image-preview":"max-image-preview:large","max-video-preview":"max-video-preview:-1"},"canonical":"https:\/\/www.iziago.com\/de\/wer-sind-wir\/","og_locale":"de_DE","og_type":"article","og_title":"Wer sind wir? - Cegid Iziago","og_description":"Das Unternehmen Exalog wurde 1984 gegr\u00fcndet und ist auf die Entwicklung von Zahlungs- und Cash-Management-Software im SaaS-Modus spezialisiert.","og_url":"https:\/\/www.iziago.com\/de\/wer-sind-wir\/","og_site_name":"Cegid Iziago","article_modified_time":"2025-01-07T13:41:04+00:00","og_image":[{"width":1100,"height":660,"url":"https:\/\/www.iziago.com\/wp-content\/uploads\/2021\/08\/meeting.jpg","type":"image\/jpeg"}],"twitter_card":"summary_large_image","twitter_misc":{"Gesch\u00e4tzte Lesezeit":"1\u00a0Minute"},"schema":{"@context":"https:\/\/schema.org","@graph":[{"@type":"WebPage","@id":"https:\/\/www.iziago.com\/de\/wer-sind-wir\/","url":"https:\/\/www.iziago.com\/de\/wer-sind-wir\/","name":"Wer sind wir? - Cegid Iziago","isPartOf":{"@id":"https:\/\/www.iziago.com\/de\/#website"},"primaryImageOfPage":{"@id":"https:\/\/www.iziago.com\/de\/wer-sind-wir\/#primaryimage"},"image":{"@id":"https:\/\/www.iziago.com\/de\/wer-sind-wir\/#primaryimage"},"thumbnailUrl":"https:\/\/www.iziago.com\/wp-content\/uploads\/2021\/08\/meeting.jpg","datePublished":"2023-10-09T15:08:30+00:00","dateModified":"2025-01-07T13:41:04+00:00","description":"Das Unternehmen Exalog wurde 1984 gegr\u00fcndet und ist auf die Entwicklung von Zahlungs- und Cash-Management-Software im SaaS-Modus spezialisiert.","breadcrumb":{"@id":"https:\/\/www.iziago.com\/de\/wer-sind-wir\/#breadcrumb"},"inLanguage":"de","potentialAction":[{"@type":"ReadAction","target":["https:\/\/www.iziago.com\/de\/wer-sind-wir\/"]}]},{"@type":"ImageObject","inLanguage":"de","@id":"https:\/\/www.iziago.com\/de\/wer-sind-wir\/#primaryimage","url":"https:\/\/www.iziago.com\/wp-content\/uploads\/2021\/08\/meeting.jpg","contentUrl":"https:\/\/www.iziago.com\/wp-content\/uploads\/2021\/08\/meeting.jpg"},{"@type":"BreadcrumbList","@id":"https:\/\/www.iziago.com\/de\/wer-sind-wir\/#breadcrumb","itemListElement":[{"@type":"ListItem","position":1,"name":"Home","item":"https:\/\/www.iziago.com\/de\/"},{"@type":"ListItem","position":2,"name":"Wer sind wir?"}]},{"@type":"WebSite","@id":"https:\/\/www.iziago.com\/de\/#website","url":"https:\/\/www.iziago.com\/de\/","name":"Cegid Iziago","description":"Logiciel de gestion des paiements et de la tr\u00e9sorerie pour les PME","publisher":{"@id":"https:\/\/www.iziago.com\/de\/#organization"},"potentialAction":[{"@type":"SearchAction","target":{"@type":"EntryPoint","urlTemplate":"https:\/\/www.iziago.com\/de\/?s={search_term_string}"},"query-input":{"@type":"PropertyValueSpecification","valueRequired":true,"valueName":"search_term_string"}}],"inLanguage":"de"},{"@type":"Organization","@id":"https:\/\/www.iziago.com\/de\/#organization","name":"Iziago","url":"https:\/\/www.iziago.com\/de\/","logo":{"@type":"ImageObject","inLanguage":"de","@id":"https:\/\/www.iziago.com\/de\/#\/schema\/logo\/image\/","url":"https:\/\/www.iziago.com\/wp-content\/uploads\/2021\/06\/logo-iziago.png","contentUrl":"https:\/\/www.iziago.com\/wp-content\/uploads\/2021\/06\/logo-iziago.png","width":349,"height":137,"caption":"Iziago"},"image":{"@id":"https:\/\/www.iziago.com\/de\/#\/schema\/logo\/image\/"},"sameAs":["https:\/\/fr.linkedin.com\/showcase\/iziago-software","https:\/\/www.pinterest.fr\/iziago0513\/","https:\/\/www.youtube.com\/channel\/UCpSg6OA9VmRaU7H3AjlAH5g"]}]}},"_links":{"self":[{"href":"https:\/\/www.iziago.com\/de\/wp-json\/wp\/v2\/pages\/24187","targetHints":{"allow":["GET"]}}],"collection":[{"href":"https:\/\/www.iziago.com\/de\/wp-json\/wp\/v2\/pages"}],"about":[{"href":"https:\/\/www.iziago.com\/de\/wp-json\/wp\/v2\/types\/page"}],"author":[{"embeddable":true,"href":"https:\/\/www.iziago.com\/de\/wp-json\/wp\/v2\/users\/10"}],"replies":[{"embeddable":true,"href":"https:\/\/www.iziago.com\/de\/wp-json\/wp\/v2\/comments?post=24187"}],"version-history":[{"count":26,"href":"https:\/\/www.iziago.com\/de\/wp-json\/wp\/v2\/pages\/24187\/revisions"}],"predecessor-version":[{"id":28742,"href":"https:\/\/www.iziago.com\/de\/wp-json\/wp\/v2\/pages\/24187\/revisions\/28742"}],"wp:attachment":[{"href":"https:\/\/www.iziago.com\/de\/wp-json\/wp\/v2\/media?parent=24187"}],"curies":[{"name":"wp","href":"https:\/\/api.w.org\/{rel}","templated":true}]}}