{"id":8989,"date":"2020-04-17T12:35:10","date_gmt":"2020-04-17T11:35:10","guid":{"rendered":"http:\/\/iziago.org\/libro-blanco-previsiones-de-tesoreria\/"},"modified":"2024-06-18T13:36:33","modified_gmt":"2024-06-18T12:36:33","slug":"libro-blanco-previsiones-de-tesoreria","status":"publish","type":"page","link":"https:\/\/www.iziago.com\/es\/libro-blanco-previsiones-de-tesoreria\/","title":{"rendered":"Libro blanco \u00abPrevisiones de tesorer\u00eda\u00bb"},"content":{"rendered":"\t\t<div data-elementor-type=\"wp-page\" data-elementor-id=\"8989\" class=\"elementor elementor-8989 elementor-6465\" data-elementor-post-type=\"page\">\n\t\t\t\t\t\t<section class=\"elementor-section elementor-top-section elementor-element elementor-element-c360caf elementor-section-content-middle elementor-section-boxed elementor-section-height-default elementor-section-height-default\" data-id=\"c360caf\" data-element_type=\"section\" data-settings=\"{&quot;background_background&quot;:&quot;classic&quot;}\">\n\t\t\t\t\t\t<div class=\"elementor-container elementor-column-gap-no\">\n\t\t\t\t\t<div class=\"elementor-column elementor-col-100 elementor-top-column elementor-element elementor-element-090ef4c\" data-id=\"090ef4c\" data-element_type=\"column\">\n\t\t\t<div class=\"elementor-widget-wrap elementor-element-populated\">\n\t\t\t\t\t\t<div class=\"elementor-element elementor-element-e611132 elementor-widget elementor-widget-heading\" data-id=\"e611132\" data-element_type=\"widget\" data-widget_type=\"heading.default\">\n\t\t\t\t<div class=\"elementor-widget-container\">\n\t\t\t\t\t<h1 class=\"elementor-heading-title elementor-size-default\">Libro blanco<\/h1>\t\t\t\t<\/div>\n\t\t\t\t<\/div>\n\t\t\t\t\t<\/div>\n\t\t<\/div>\n\t\t\t\t\t<\/div>\n\t\t<\/section>\n\t\t\t\t<section class=\"elementor-section elementor-top-section elementor-element elementor-element-2b00f19 elementor-section-content-middle elementor-section-boxed elementor-section-height-default elementor-section-height-default\" data-id=\"2b00f19\" data-element_type=\"section\">\n\t\t\t\t\t\t<div class=\"elementor-container elementor-column-gap-no\">\n\t\t\t\t\t<div class=\"elementor-column elementor-col-100 elementor-top-column elementor-element elementor-element-d4790fb\" data-id=\"d4790fb\" data-element_type=\"column\">\n\t\t\t<div class=\"elementor-widget-wrap elementor-element-populated\">\n\t\t\t\t\t\t<div class=\"elementor-element elementor-element-a9e51fe elementor-widget elementor-widget-heading\" data-id=\"a9e51fe\" data-element_type=\"widget\" data-widget_type=\"heading.default\">\n\t\t\t\t<div class=\"elementor-widget-container\">\n\t\t\t\t\t<h2 class=\"elementor-heading-title elementor-size-default\">Las previsiones de tesorer\u00eda, \u00bfpara qu\u00e9?<\/h2>\t\t\t\t<\/div>\n\t\t\t\t<\/div>\n\t\t\t\t<div class=\"elementor-element elementor-element-f1897d0 elementor-position-left elementor-view-default elementor-mobile-position-top elementor-vertical-align-top elementor-widget elementor-widget-icon-box\" data-id=\"f1897d0\" data-element_type=\"widget\" data-widget_type=\"icon-box.default\">\n\t\t\t\t<div class=\"elementor-widget-container\">\n\t\t\t\t\t\t\t<div class=\"elementor-icon-box-wrapper\">\n\n\t\t\t\t\t\t<div class=\"elementor-icon-box-icon\">\n\t\t\t\t<span  class=\"elementor-icon\">\n\t\t\t\t<i aria-hidden=\"true\" class=\"fas fa-info-circle\"><\/i>\t\t\t\t<\/span>\n\t\t\t<\/div>\n\t\t\t\n\t\t\t\t\t\t<div class=\"elementor-icon-box-content\">\n\n\t\t\t\t\t\t\t\t\t<p class=\"elementor-icon-box-title\">\n\t\t\t\t\t\t<span  >\n\t\t\t\t\t\t\tPlanificar la liquidez futura le permitir\u00e1 mejorar la gestion de su empresa. Si conoce con precisi\u00f3n su situaci\u00f3n financiera en un momento determinado, podr\u00e1 tomar decisiones de gesti\u00f3n adecuadas en el momento oportuno.\t\t\t\t\t\t<\/span>\n\t\t\t\t\t<\/p>\n\t\t\t\t\n\t\t\t\t\t\t\t\t\t<p class=\"elementor-icon-box-description\">\n\t\t\t\t\t\tPara saber m\u00e1s, descargue el libro blanco sobre previsiones de tesorer\u00eda.\t\t\t\t\t<\/p>\n\t\t\t\t\n\t\t\t<\/div>\n\t\t\t\n\t\t<\/div>\n\t\t\t\t\t\t<\/div>\n\t\t\t\t<\/div>\n\t\t\t\t<section class=\"elementor-section elementor-inner-section elementor-element elementor-element-33c3b79 elementor-section-boxed elementor-section-height-default elementor-section-height-default\" data-id=\"33c3b79\" data-element_type=\"section\">\n\t\t\t\t\t\t<div class=\"elementor-container elementor-column-gap-no\">\n\t\t\t\t\t<div class=\"elementor-column elementor-col-50 elementor-inner-column elementor-element elementor-element-5af25b7\" data-id=\"5af25b7\" data-element_type=\"column\">\n\t\t\t<div class=\"elementor-widget-wrap elementor-element-populated\">\n\t\t\t\t\t\t<div class=\"elementor-element elementor-element-c2da218 elementor-widget elementor-widget-html\" data-id=\"c2da218\" data-element_type=\"widget\" data-widget_type=\"html.default\">\n\t\t\t\t<div class=\"elementor-widget-container\">\n\t\t\t\t\t<iframe data-w-type=\"embedded\" frameborder=\"0\" scrolling=\"no\" marginheight=\"0\" marginwidth=\"0\" src=\"http:\/\/xkx7y.mjt.lu\/wgt\/xkx7y\/sk1\/form?c=98f722db\" width=\"100%\"><\/iframe>\n\n<script type=\"text\/javascript\" src=\"https:\/\/app.mailjet.com\/pas-nc-embedded-v1.js\"><\/script>\n\t\t\t\t<\/div>\n\t\t\t\t<\/div>\n\t\t\t\t\t<\/div>\n\t\t<\/div>\n\t\t\t\t<div class=\"elementor-column elementor-col-50 elementor-inner-column elementor-element elementor-element-65d8579 elementor-hidden-tablet\" data-id=\"65d8579\" data-element_type=\"column\">\n\t\t\t<div class=\"elementor-widget-wrap elementor-element-populated\">\n\t\t\t\t\t\t<div class=\"elementor-element elementor-element-70c0aad elementor-widget elementor-widget-image\" data-id=\"70c0aad\" data-element_type=\"widget\" data-widget_type=\"image.default\">\n\t\t\t\t<div class=\"elementor-widget-container\">\n\t\t\t\t\t\t\t\t\t\t\t\t\t\t\t<img fetchpriority=\"high\" decoding=\"async\" width=\"300\" height=\"424\" src=\"https:\/\/www.iziago.com\/wp-content\/uploads\/2021\/09\/previsiones-de-tesoreria-libro-blanco.jpg\" class=\"attachment-medium_large size-medium_large wp-image-15436\" alt=\"Libro blanco \u00abPrevisiones de tesorer\u00eda\u00bb\" srcset=\"https:\/\/www.iziago.com\/wp-content\/uploads\/2021\/09\/previsiones-de-tesoreria-libro-blanco.jpg 300w, https:\/\/www.iziago.com\/wp-content\/uploads\/2021\/09\/previsiones-de-tesoreria-libro-blanco-212x300.jpg 212w\" sizes=\"(max-width: 300px) 100vw, 300px\" \/>\t\t\t\t\t\t\t\t\t\t\t\t\t\t\t<\/div>\n\t\t\t\t<\/div>\n\t\t\t\t\t<\/div>\n\t\t<\/div>\n\t\t\t\t\t<\/div>\n\t\t<\/section>\n\t\t\t\t\t<\/div>\n\t\t<\/div>\n\t\t\t\t\t<\/div>\n\t\t<\/section>\n\t\t\t\t<\/div>\n\t\t","protected":false},"excerpt":{"rendered":"<p>Libro blanco Las previsiones de tesorer\u00eda, \u00bfpara qu\u00e9? Planificar la liquidez futura le permitir\u00e1 mejorar la gestion de su empresa. Si conoce con precisi\u00f3n su situaci\u00f3n financiera en un momento determinado, podr\u00e1 tomar decisiones de gesti\u00f3n adecuadas en el momento oportuno. Para saber m\u00e1s, descargue el libro blanco sobre previsiones de tesorer\u00eda.<\/p>\n","protected":false},"author":10,"featured_media":15436,"parent":0,"menu_order":0,"comment_status":"closed","ping_status":"closed","template":"","meta":{"site-sidebar-layout":"no-sidebar","site-content-layout":"default","ast-site-content-layout":"","site-content-style":"default","site-sidebar-style":"default","ast-global-header-display":"","ast-banner-title-visibility":"","ast-main-header-display":"","ast-hfb-above-header-display":"","ast-hfb-below-header-display":"","ast-hfb-mobile-header-display":"","site-post-title":"disabled","ast-breadcrumbs-content":"","ast-featured-img":"disabled","footer-sml-layout":"","theme-transparent-header-meta":"default","adv-header-id-meta":"","stick-header-meta":"","header-above-stick-meta":"","header-main-stick-meta":"","header-below-stick-meta":"","astra-migrate-meta-layouts":"default","ast-page-background-enabled":"default","ast-page-background-meta":{"desktop":{"background-color":"var(--ast-global-color-4)","background-image":"","background-repeat":"repeat","background-position":"center center","background-size":"auto","background-attachment":"scroll","background-type":"","background-media":"","overlay-type":"","overlay-color":"","overlay-opacity":"","overlay-gradient":""},"tablet":{"background-color":"","background-image":"","background-repeat":"repeat","background-position":"center center","background-size":"auto","background-attachment":"scroll","background-type":"","background-media":"","overlay-type":"","overlay-color":"","overlay-opacity":"","overlay-gradient":""},"mobile":{"background-color":"","background-image":"","background-repeat":"repeat","background-position":"center center","background-size":"auto","background-attachment":"scroll","background-type":"","background-media":"","overlay-type":"","overlay-color":"","overlay-opacity":"","overlay-gradient":""}},"ast-content-background-meta":{"desktop":{"background-color":"var(--ast-global-color-5)","background-image":"","background-repeat":"repeat","background-position":"center center","background-size":"auto","background-attachment":"scroll","background-type":"","background-media":"","overlay-type":"","overlay-color":"","overlay-opacity":"","overlay-gradient":""},"tablet":{"background-color":"var(--ast-global-color-5)","background-image":"","background-repeat":"repeat","background-position":"center center","background-size":"auto","background-attachment":"scroll","background-type":"","background-media":"","overlay-type":"","overlay-color":"","overlay-opacity":"","overlay-gradient":""},"mobile":{"background-color":"var(--ast-global-color-5)","background-image":"","background-repeat":"repeat","background-position":"center center","background-size":"auto","background-attachment":"scroll","background-type":"","background-media":"","overlay-type":"","overlay-color":"","overlay-opacity":"","overlay-gradient":""}},"footnotes":""},"class_list":["post-8989","page","type-page","status-publish","has-post-thumbnail","hentry"],"yoast_head":"<!-- This site is optimized with the Yoast SEO plugin v24.7 - https:\/\/yoast.com\/wordpress\/plugins\/seo\/ -->\n<title>Libro blanco \u00abPrevisiones de tesorer\u00eda\u00bb - Cegid Iziago<\/title>\n<meta name=\"description\" content=\"Descubre en este libro blanco c\u00f3mo aplicar una previsi\u00f3n fiable para tomar las decisiones de gesti\u00f3n adecuadas para tu empresa.\" \/>\n<meta name=\"robots\" content=\"index, follow, max-snippet:-1, max-image-preview:large, max-video-preview:-1\" \/>\n<link rel=\"canonical\" href=\"https:\/\/www.iziago.com\/es\/libro-blanco-previsiones-de-tesoreria\/\" \/>\n<meta property=\"og:locale\" content=\"es_ES\" \/>\n<meta property=\"og:type\" content=\"article\" \/>\n<meta property=\"og:title\" content=\"Libro blanco \u00abPrevisiones de tesorer\u00eda\u00bb - Cegid Iziago\" \/>\n<meta property=\"og:description\" content=\"Descubre en este libro blanco c\u00f3mo aplicar una previsi\u00f3n fiable para tomar las decisiones de gesti\u00f3n adecuadas para tu empresa.\" \/>\n<meta property=\"og:url\" content=\"https:\/\/www.iziago.com\/es\/libro-blanco-previsiones-de-tesoreria\/\" \/>\n<meta property=\"og:site_name\" content=\"Cegid Iziago\" \/>\n<meta property=\"article:modified_time\" content=\"2024-06-18T12:36:33+00:00\" \/>\n<meta property=\"og:image\" content=\"https:\/\/www.iziago.com\/wp-content\/uploads\/2021\/09\/previsiones-de-tesoreria-libro-blanco.jpg\" \/>\n\t<meta property=\"og:image:width\" content=\"300\" \/>\n\t<meta property=\"og:image:height\" content=\"424\" \/>\n\t<meta property=\"og:image:type\" content=\"image\/jpeg\" \/>\n<meta name=\"twitter:card\" content=\"summary_large_image\" \/>\n<meta name=\"twitter:label1\" content=\"Tiempo de lectura\" \/>\n\t<meta name=\"twitter:data1\" content=\"1 minuto\" \/>\n<script type=\"application\/ld+json\" class=\"yoast-schema-graph\">{\"@context\":\"https:\/\/schema.org\",\"@graph\":[{\"@type\":\"WebPage\",\"@id\":\"https:\/\/www.iziago.com\/es\/libro-blanco-previsiones-de-tesoreria\/\",\"url\":\"https:\/\/www.iziago.com\/es\/libro-blanco-previsiones-de-tesoreria\/\",\"name\":\"Libro blanco \u00abPrevisiones de tesorer\u00eda\u00bb - Cegid Iziago\",\"isPartOf\":{\"@id\":\"https:\/\/www.iziago.com\/es\/#website\"},\"primaryImageOfPage\":{\"@id\":\"https:\/\/www.iziago.com\/es\/libro-blanco-previsiones-de-tesoreria\/#primaryimage\"},\"image\":{\"@id\":\"https:\/\/www.iziago.com\/es\/libro-blanco-previsiones-de-tesoreria\/#primaryimage\"},\"thumbnailUrl\":\"https:\/\/www.iziago.com\/wp-content\/uploads\/2021\/09\/previsiones-de-tesoreria-libro-blanco.jpg\",\"datePublished\":\"2020-04-17T11:35:10+00:00\",\"dateModified\":\"2024-06-18T12:36:33+00:00\",\"description\":\"Descubre en este libro blanco c\u00f3mo aplicar una previsi\u00f3n fiable para tomar las decisiones de gesti\u00f3n adecuadas para tu empresa.\",\"breadcrumb\":{\"@id\":\"https:\/\/www.iziago.com\/es\/libro-blanco-previsiones-de-tesoreria\/#breadcrumb\"},\"inLanguage\":\"es\",\"potentialAction\":[{\"@type\":\"ReadAction\",\"target\":[\"https:\/\/www.iziago.com\/es\/libro-blanco-previsiones-de-tesoreria\/\"]}]},{\"@type\":\"ImageObject\",\"inLanguage\":\"es\",\"@id\":\"https:\/\/www.iziago.com\/es\/libro-blanco-previsiones-de-tesoreria\/#primaryimage\",\"url\":\"https:\/\/www.iziago.com\/wp-content\/uploads\/2021\/09\/previsiones-de-tesoreria-libro-blanco.jpg\",\"contentUrl\":\"https:\/\/www.iziago.com\/wp-content\/uploads\/2021\/09\/previsiones-de-tesoreria-libro-blanco.jpg\",\"width\":300,\"height\":424,\"caption\":\"Libro blanco \u00abPrevisiones de tesorer\u00eda\u00bb\"},{\"@type\":\"BreadcrumbList\",\"@id\":\"https:\/\/www.iziago.com\/es\/libro-blanco-previsiones-de-tesoreria\/#breadcrumb\",\"itemListElement\":[{\"@type\":\"ListItem\",\"position\":1,\"name\":\"Home\",\"item\":\"https:\/\/www.iziago.com\/es\/\"},{\"@type\":\"ListItem\",\"position\":2,\"name\":\"Libro blanco \u00abPrevisiones de tesorer\u00eda\u00bb\"}]},{\"@type\":\"WebSite\",\"@id\":\"https:\/\/www.iziago.com\/es\/#website\",\"url\":\"https:\/\/www.iziago.com\/es\/\",\"name\":\"Cegid Iziago\",\"description\":\"Logiciel de gestion des paiements et de la tr\u00e9sorerie pour les PME\",\"publisher\":{\"@id\":\"https:\/\/www.iziago.com\/es\/#organization\"},\"potentialAction\":[{\"@type\":\"SearchAction\",\"target\":{\"@type\":\"EntryPoint\",\"urlTemplate\":\"https:\/\/www.iziago.com\/es\/?s={search_term_string}\"},\"query-input\":{\"@type\":\"PropertyValueSpecification\",\"valueRequired\":true,\"valueName\":\"search_term_string\"}}],\"inLanguage\":\"es\"},{\"@type\":\"Organization\",\"@id\":\"https:\/\/www.iziago.com\/es\/#organization\",\"name\":\"Iziago\",\"url\":\"https:\/\/www.iziago.com\/es\/\",\"logo\":{\"@type\":\"ImageObject\",\"inLanguage\":\"es\",\"@id\":\"https:\/\/www.iziago.com\/es\/#\/schema\/logo\/image\/\",\"url\":\"https:\/\/www.iziago.com\/wp-content\/uploads\/2021\/06\/logo-iziago.png\",\"contentUrl\":\"https:\/\/www.iziago.com\/wp-content\/uploads\/2021\/06\/logo-iziago.png\",\"width\":349,\"height\":137,\"caption\":\"Iziago\"},\"image\":{\"@id\":\"https:\/\/www.iziago.com\/es\/#\/schema\/logo\/image\/\"},\"sameAs\":[\"https:\/\/fr.linkedin.com\/showcase\/iziago-software\",\"https:\/\/www.pinterest.fr\/iziago0513\/\",\"https:\/\/www.youtube.com\/channel\/UCpSg6OA9VmRaU7H3AjlAH5g\"]}]}<\/script>\n<!-- \/ Yoast SEO plugin. -->","yoast_head_json":{"title":"Libro blanco \u00abPrevisiones de tesorer\u00eda\u00bb - Cegid Iziago","description":"Descubre en este libro blanco c\u00f3mo aplicar una previsi\u00f3n fiable para tomar las decisiones de gesti\u00f3n adecuadas para tu empresa.","robots":{"index":"index","follow":"follow","max-snippet":"max-snippet:-1","max-image-preview":"max-image-preview:large","max-video-preview":"max-video-preview:-1"},"canonical":"https:\/\/www.iziago.com\/es\/libro-blanco-previsiones-de-tesoreria\/","og_locale":"es_ES","og_type":"article","og_title":"Libro blanco \u00abPrevisiones de tesorer\u00eda\u00bb - Cegid Iziago","og_description":"Descubre en este libro blanco c\u00f3mo aplicar una previsi\u00f3n fiable para tomar las decisiones de gesti\u00f3n adecuadas para tu empresa.","og_url":"https:\/\/www.iziago.com\/es\/libro-blanco-previsiones-de-tesoreria\/","og_site_name":"Cegid Iziago","article_modified_time":"2024-06-18T12:36:33+00:00","og_image":[{"width":300,"height":424,"url":"https:\/\/www.iziago.com\/wp-content\/uploads\/2021\/09\/previsiones-de-tesoreria-libro-blanco.jpg","type":"image\/jpeg"}],"twitter_card":"summary_large_image","twitter_misc":{"Tiempo de lectura":"1 minuto"},"schema":{"@context":"https:\/\/schema.org","@graph":[{"@type":"WebPage","@id":"https:\/\/www.iziago.com\/es\/libro-blanco-previsiones-de-tesoreria\/","url":"https:\/\/www.iziago.com\/es\/libro-blanco-previsiones-de-tesoreria\/","name":"Libro blanco \u00abPrevisiones de tesorer\u00eda\u00bb - Cegid Iziago","isPartOf":{"@id":"https:\/\/www.iziago.com\/es\/#website"},"primaryImageOfPage":{"@id":"https:\/\/www.iziago.com\/es\/libro-blanco-previsiones-de-tesoreria\/#primaryimage"},"image":{"@id":"https:\/\/www.iziago.com\/es\/libro-blanco-previsiones-de-tesoreria\/#primaryimage"},"thumbnailUrl":"https:\/\/www.iziago.com\/wp-content\/uploads\/2021\/09\/previsiones-de-tesoreria-libro-blanco.jpg","datePublished":"2020-04-17T11:35:10+00:00","dateModified":"2024-06-18T12:36:33+00:00","description":"Descubre en este libro blanco c\u00f3mo aplicar una previsi\u00f3n fiable para tomar las decisiones de gesti\u00f3n adecuadas para tu empresa.","breadcrumb":{"@id":"https:\/\/www.iziago.com\/es\/libro-blanco-previsiones-de-tesoreria\/#breadcrumb"},"inLanguage":"es","potentialAction":[{"@type":"ReadAction","target":["https:\/\/www.iziago.com\/es\/libro-blanco-previsiones-de-tesoreria\/"]}]},{"@type":"ImageObject","inLanguage":"es","@id":"https:\/\/www.iziago.com\/es\/libro-blanco-previsiones-de-tesoreria\/#primaryimage","url":"https:\/\/www.iziago.com\/wp-content\/uploads\/2021\/09\/previsiones-de-tesoreria-libro-blanco.jpg","contentUrl":"https:\/\/www.iziago.com\/wp-content\/uploads\/2021\/09\/previsiones-de-tesoreria-libro-blanco.jpg","width":300,"height":424,"caption":"Libro blanco \u00abPrevisiones de tesorer\u00eda\u00bb"},{"@type":"BreadcrumbList","@id":"https:\/\/www.iziago.com\/es\/libro-blanco-previsiones-de-tesoreria\/#breadcrumb","itemListElement":[{"@type":"ListItem","position":1,"name":"Home","item":"https:\/\/www.iziago.com\/es\/"},{"@type":"ListItem","position":2,"name":"Libro blanco \u00abPrevisiones de tesorer\u00eda\u00bb"}]},{"@type":"WebSite","@id":"https:\/\/www.iziago.com\/es\/#website","url":"https:\/\/www.iziago.com\/es\/","name":"Cegid Iziago","description":"Logiciel de gestion des paiements et de la tr\u00e9sorerie pour les PME","publisher":{"@id":"https:\/\/www.iziago.com\/es\/#organization"},"potentialAction":[{"@type":"SearchAction","target":{"@type":"EntryPoint","urlTemplate":"https:\/\/www.iziago.com\/es\/?s={search_term_string}"},"query-input":{"@type":"PropertyValueSpecification","valueRequired":true,"valueName":"search_term_string"}}],"inLanguage":"es"},{"@type":"Organization","@id":"https:\/\/www.iziago.com\/es\/#organization","name":"Iziago","url":"https:\/\/www.iziago.com\/es\/","logo":{"@type":"ImageObject","inLanguage":"es","@id":"https:\/\/www.iziago.com\/es\/#\/schema\/logo\/image\/","url":"https:\/\/www.iziago.com\/wp-content\/uploads\/2021\/06\/logo-iziago.png","contentUrl":"https:\/\/www.iziago.com\/wp-content\/uploads\/2021\/06\/logo-iziago.png","width":349,"height":137,"caption":"Iziago"},"image":{"@id":"https:\/\/www.iziago.com\/es\/#\/schema\/logo\/image\/"},"sameAs":["https:\/\/fr.linkedin.com\/showcase\/iziago-software","https:\/\/www.pinterest.fr\/iziago0513\/","https:\/\/www.youtube.com\/channel\/UCpSg6OA9VmRaU7H3AjlAH5g"]}]}},"_links":{"self":[{"href":"https:\/\/www.iziago.com\/es\/wp-json\/wp\/v2\/pages\/8989","targetHints":{"allow":["GET"]}}],"collection":[{"href":"https:\/\/www.iziago.com\/es\/wp-json\/wp\/v2\/pages"}],"about":[{"href":"https:\/\/www.iziago.com\/es\/wp-json\/wp\/v2\/types\/page"}],"author":[{"embeddable":true,"href":"https:\/\/www.iziago.com\/es\/wp-json\/wp\/v2\/users\/10"}],"replies":[{"embeddable":true,"href":"https:\/\/www.iziago.com\/es\/wp-json\/wp\/v2\/comments?post=8989"}],"version-history":[{"count":73,"href":"https:\/\/www.iziago.com\/es\/wp-json\/wp\/v2\/pages\/8989\/revisions"}],"predecessor-version":[{"id":28255,"href":"https:\/\/www.iziago.com\/es\/wp-json\/wp\/v2\/pages\/8989\/revisions\/28255"}],"wp:featuredmedia":[{"embeddable":true,"href":"https:\/\/www.iziago.com\/es\/wp-json\/wp\/v2\/media\/15436"}],"wp:attachment":[{"href":"https:\/\/www.iziago.com\/es\/wp-json\/wp\/v2\/media?parent=8989"}],"curies":[{"name":"wp","href":"https:\/\/api.w.org\/{rel}","templated":true}]}}