{"id":8993,"date":"2020-04-17T12:36:21","date_gmt":"2020-04-17T11:36:21","guid":{"rendered":"http:\/\/iziago.org\/quienes-somos\/"},"modified":"2025-01-07T14:42:22","modified_gmt":"2025-01-07T13:42:22","slug":"quienes-somos","status":"publish","type":"page","link":"https:\/\/www.iziago.com\/es\/quienes-somos\/","title":{"rendered":"\u00bfQui\u00e9nes somos?"},"content":{"rendered":"\t\t<div data-elementor-type=\"wp-page\" data-elementor-id=\"8993\" class=\"elementor elementor-8993 elementor-7153\" data-elementor-post-type=\"page\">\n\t\t\t\t\t\t<section class=\"elementor-section elementor-top-section elementor-element elementor-element-a780405 elementor-section-content-middle elementor-section-boxed elementor-section-height-default elementor-section-height-default\" data-id=\"a780405\" data-element_type=\"section\" data-settings=\"{&quot;background_background&quot;:&quot;classic&quot;}\">\n\t\t\t\t\t\t<div class=\"elementor-container elementor-column-gap-no\">\n\t\t\t\t\t<div class=\"elementor-column elementor-col-100 elementor-top-column elementor-element elementor-element-3c07c3b\" data-id=\"3c07c3b\" data-element_type=\"column\">\n\t\t\t<div class=\"elementor-widget-wrap elementor-element-populated\">\n\t\t\t\t\t\t<div class=\"elementor-element elementor-element-b2277fb elementor-widget elementor-widget-heading\" data-id=\"b2277fb\" data-element_type=\"widget\" data-widget_type=\"heading.default\">\n\t\t\t\t<div class=\"elementor-widget-container\">\n\t\t\t\t\t<h1 class=\"elementor-heading-title elementor-size-default\">Cegid Iziago, software editado por Exalog, a Cegid company<\/h1>\t\t\t\t<\/div>\n\t\t\t\t<\/div>\n\t\t\t\t\t<\/div>\n\t\t<\/div>\n\t\t\t\t\t<\/div>\n\t\t<\/section>\n\t\t\t\t<section class=\"elementor-section elementor-top-section elementor-element elementor-element-ce7fff3 elementor-section-content-middle elementor-section-boxed elementor-section-height-default elementor-section-height-default\" data-id=\"ce7fff3\" data-element_type=\"section\">\n\t\t\t\t\t\t<div class=\"elementor-container elementor-column-gap-no\">\n\t\t\t\t\t<div class=\"elementor-column elementor-col-100 elementor-top-column elementor-element elementor-element-f693da5\" data-id=\"f693da5\" data-element_type=\"column\">\n\t\t\t<div class=\"elementor-widget-wrap elementor-element-populated\">\n\t\t\t\t\t\t<div class=\"elementor-element elementor-element-479c18f elementor-widget elementor-widget-heading\" data-id=\"479c18f\" data-element_type=\"widget\" data-widget_type=\"heading.default\">\n\t\t\t\t<div class=\"elementor-widget-container\">\n\t\t\t\t\t<h2 class=\"elementor-heading-title elementor-size-default\">Exalog, a Cegid company: editor de software en modo SaaS<\/h2>\t\t\t\t<\/div>\n\t\t\t\t<\/div>\n\t\t\t\t<div class=\"elementor-element elementor-element-1489efc elementor-widget elementor-widget-heading\" data-id=\"1489efc\" data-element_type=\"widget\" data-widget_type=\"heading.default\">\n\t\t\t\t<div class=\"elementor-widget-container\">\n\t\t\t\t\t<span class=\"elementor-heading-title elementor-size-default\">*SaaS=Software as a Service<\/span>\t\t\t\t<\/div>\n\t\t\t\t<\/div>\n\t\t\t\t<div class=\"elementor-element elementor-element-3154ec7 elementor-widget elementor-widget-text-editor\" data-id=\"3154ec7\" data-element_type=\"widget\" data-widget_type=\"text-editor.default\">\n\t\t\t\t<div class=\"elementor-widget-container\">\n\t\t\t\t\t\t\t\t\t<p><span class=\"IZI-accentue\">Especialista en flujos financieros desde 1984<\/span><br \/>Cegid Iziago es una suite de software publicada por Exalog, una empresa de Cegid desde 2016.<\/p>\n\t\t\t\t\t\t\t\t<\/div>\n\t\t\t\t<\/div>\n\t\t\t\t\t<\/div>\n\t\t<\/div>\n\t\t\t\t\t<\/div>\n\t\t<\/section>\n\t\t\t\t<section class=\"elementor-section elementor-top-section elementor-element elementor-element-17d57b4 elementor-section-content-middle elementor-section-boxed elementor-section-height-default elementor-section-height-default\" data-id=\"17d57b4\" data-element_type=\"section\">\n\t\t\t\t\t\t<div class=\"elementor-container elementor-column-gap-no\">\n\t\t\t\t\t<div class=\"elementor-column elementor-col-50 elementor-top-column elementor-element elementor-element-8b1b823\" data-id=\"8b1b823\" data-element_type=\"column\">\n\t\t\t<div class=\"elementor-widget-wrap elementor-element-populated\">\n\t\t\t\t\t\t<div class=\"elementor-element elementor-element-c68bb57 elementor-widget elementor-widget-heading\" data-id=\"c68bb57\" data-element_type=\"widget\" data-widget_type=\"heading.default\">\n\t\t\t\t<div class=\"elementor-widget-container\">\n\t\t\t\t\t<h2 class=\"elementor-heading-title elementor-size-default\">Exalog, a Cegid company ofrece a las empresas su software <span>de gesti\u00f3n de pagos y tesorer\u00eda<\/span><\/h2>\t\t\t\t<\/div>\n\t\t\t\t<\/div>\n\t\t\t\t<div class=\"elementor-element elementor-element-d67e25b elementor-widget elementor-widget-heading\" data-id=\"d67e25b\" data-element_type=\"widget\" data-widget_type=\"heading.default\">\n\t\t\t\t<div class=\"elementor-widget-container\">\n\t\t\t\t\t<h3 class=\"elementor-heading-title elementor-size-default\">Aplicaciones accesibles desde cualquier lugar<\/h3>\t\t\t\t<\/div>\n\t\t\t\t<\/div>\n\t\t\t\t<div class=\"elementor-element elementor-element-0ecdef0 elementor-widget elementor-widget-text-editor\" data-id=\"0ecdef0\" data-element_type=\"widget\" data-widget_type=\"text-editor.default\">\n\t\t\t\t<div class=\"elementor-widget-container\">\n\t\t\t\t\t\t\t\t\t<p>Las aplicaciones que desarrolla Exalog, a Cegid company son <strong>accesibles en modo SaaS (Software as a Service)<\/strong>, a trav\u00e9s de una simple conexi\u00f3n a internet y est\u00e1n disponibles de manera ininterrumpida las 24 h del d\u00eda. Gracias a su sencilla instalacion y f\u00e1cil manejo, los usuarios del software de Exalog, a Cegid company est\u00e1n operativos r\u00e1pidamente. <\/p>\n\t\t\t\t\t\t\t\t<\/div>\n\t\t\t\t<\/div>\n\t\t\t\t<div class=\"elementor-element elementor-element-7d945b1 elementor-widget elementor-widget-heading\" data-id=\"7d945b1\" data-element_type=\"widget\" data-widget_type=\"heading.default\">\n\t\t\t\t<div class=\"elementor-widget-container\">\n\t\t\t\t\t<h3 class=\"elementor-heading-title elementor-size-default\">Un socio de confianza<\/h3>\t\t\t\t<\/div>\n\t\t\t\t<\/div>\n\t\t\t\t<div class=\"elementor-element elementor-element-d9f63aa elementor-widget elementor-widget-text-editor\" data-id=\"d9f63aa\" data-element_type=\"widget\" data-widget_type=\"text-editor.default\">\n\t\t\t\t<div class=\"elementor-widget-container\">\n\t\t\t\t\t\t\t\t\t<p>Casi <strong>12 000 empresas de distinta envergadura en 100 pa\u00edses<\/strong> diferentes utilizan las aplicaciones de Exalog, a Cegid company, cuyos sistemas procesan cada a\u00f1o 175 millones de transacciones bancarias. Seis bancos europeos han decidido comercializar alguna de las soluciones de Exalog, a Cegid company entre sus propios clientes. <\/p>\n\t\t\t\t\t\t\t\t<\/div>\n\t\t\t\t<\/div>\n\t\t\t\t<div class=\"elementor-element elementor-element-9c15404 elementor-align-center elementor-widget elementor-widget-button\" data-id=\"9c15404\" data-element_type=\"widget\" data-widget_type=\"button.default\">\n\t\t\t\t<div class=\"elementor-widget-container\">\n\t\t\t\t\t\t\t\t\t<div class=\"elementor-button-wrapper\">\n\t\t\t\t\t<a class=\"elementor-button elementor-button-link elementor-size-sm\" href=\"https:\/\/www.iziago.com\/es\/contacto\/\">\n\t\t\t\t\t\t<span class=\"elementor-button-content-wrapper\">\n\t\t\t\t\t\t\t\t\t<span class=\"elementor-button-text\">Contactenos<\/span>\n\t\t\t\t\t<\/span>\n\t\t\t\t\t<\/a>\n\t\t\t\t<\/div>\n\t\t\t\t\t\t\t\t<\/div>\n\t\t\t\t<\/div>\n\t\t\t\t\t<\/div>\n\t\t<\/div>\n\t\t\t\t<div class=\"elementor-column elementor-col-50 elementor-top-column elementor-element elementor-element-dfec4b0\" data-id=\"dfec4b0\" data-element_type=\"column\">\n\t\t\t<div class=\"elementor-widget-wrap elementor-element-populated\">\n\t\t\t\t\t\t<div class=\"elementor-element elementor-element-8ca136a elementor-widget elementor-widget-image\" data-id=\"8ca136a\" data-element_type=\"widget\" data-widget_type=\"image.default\">\n\t\t\t\t<div class=\"elementor-widget-container\">\n\t\t\t\t\t\t\t\t\t\t\t\t\t\t\t<img fetchpriority=\"high\" decoding=\"async\" width=\"1100\" height=\"660\" src=\"https:\/\/www.iziago.com\/wp-content\/uploads\/2021\/08\/meeting.jpg\" class=\"attachment-full size-full wp-image-13827\" alt=\"About us\" srcset=\"https:\/\/www.iziago.com\/wp-content\/uploads\/2021\/08\/meeting.jpg 1100w, https:\/\/www.iziago.com\/wp-content\/uploads\/2021\/08\/meeting-300x180.jpg 300w, https:\/\/www.iziago.com\/wp-content\/uploads\/2021\/08\/meeting-1024x614.jpg 1024w, https:\/\/www.iziago.com\/wp-content\/uploads\/2021\/08\/meeting-768x461.jpg 768w\" sizes=\"(max-width: 1100px) 100vw, 1100px\" \/>\t\t\t\t\t\t\t\t\t\t\t\t\t\t\t<\/div>\n\t\t\t\t<\/div>\n\t\t\t\t\t<\/div>\n\t\t<\/div>\n\t\t\t\t\t<\/div>\n\t\t<\/section>\n\t\t\t\t<section class=\"elementor-section elementor-top-section elementor-element elementor-element-fdf7c50 elementor-section-content-middle elementor-section-boxed elementor-section-height-default elementor-section-height-default\" data-id=\"fdf7c50\" data-element_type=\"section\" id=\"IZI-autres-solutions\">\n\t\t\t\t\t\t<div class=\"elementor-container elementor-column-gap-no\">\n\t\t\t\t\t<div class=\"elementor-column elementor-col-100 elementor-top-column elementor-element elementor-element-42d35bd\" data-id=\"42d35bd\" data-element_type=\"column\">\n\t\t\t<div class=\"elementor-widget-wrap elementor-element-populated\">\n\t\t\t\t\t\t<div class=\"elementor-element elementor-element-b6ce201 elementor-widget elementor-widget-heading\" data-id=\"b6ce201\" data-element_type=\"widget\" data-widget_type=\"heading.default\">\n\t\t\t\t<div class=\"elementor-widget-container\">\n\t\t\t\t\t<h2 class=\"elementor-heading-title elementor-size-default\">Otra <span>soluci\u00f3n<\/span><\/h2>\t\t\t\t<\/div>\n\t\t\t\t<\/div>\n\t\t\t\t<section class=\"elementor-section elementor-inner-section elementor-element elementor-element-29887db elementor-section-boxed elementor-section-height-default elementor-section-height-default\" data-id=\"29887db\" data-element_type=\"section\">\n\t\t\t\t\t\t<div class=\"elementor-container elementor-column-gap-no\">\n\t\t\t\t\t<div class=\"elementor-column elementor-col-50 elementor-inner-column elementor-element elementor-element-017aad0\" data-id=\"017aad0\" data-element_type=\"column\">\n\t\t\t<div class=\"elementor-widget-wrap elementor-element-populated\">\n\t\t\t\t\t\t<div class=\"elementor-element elementor-element-0bed7f7 elementor-position-top elementor-widget elementor-widget-image-box\" data-id=\"0bed7f7\" data-element_type=\"widget\" data-widget_type=\"image-box.default\">\n\t\t\t\t<div class=\"elementor-widget-container\">\n\t\t\t\t\t<div class=\"elementor-image-box-wrapper\"><figure class=\"elementor-image-box-img\"><img decoding=\"async\" width=\"564\" height=\"360\" src=\"https:\/\/www.iziago.com\/wp-content\/uploads\/2022\/05\/solution-exabanque-fr.jpg\" class=\"attachment-medium_large size-medium_large wp-image-20701\" alt=\"Solution Exabanque\" srcset=\"https:\/\/www.iziago.com\/wp-content\/uploads\/2022\/05\/solution-exabanque-fr.jpg 564w, https:\/\/www.iziago.com\/wp-content\/uploads\/2022\/05\/solution-exabanque-fr-300x191.jpg 300w\" sizes=\"(max-width: 564px) 100vw, 564px\" \/><\/figure><div class=\"elementor-image-box-content\"><h3 class=\"elementor-image-box-title\">Software multibanco y de gesti\u00f3n de tesorer\u00eda basado en web para PYME<\/h3><p class=\"elementor-image-box-description\">Cegid Exabanque es una soluci\u00f3n para la gesti\u00f3n de flujos multibancarios en la zona SEPA. Las funciones avanzadas del software le permiten gestionar todos sus flujos: comunicaci\u00f3n bancaria mediante el protocolo EBICS, optimizaci\u00f3n de la tesorer\u00eda, conciliaci\u00f3n bancaria, flujos automatizados gracias a la interfaz con su software de gesti\u00f3n (ERP y contabilidad), etc.  <a class=\"IZI-a-bt\" href=\"https:\/\/www.exabanque.com\/en\" target=\"_blank\">Descubrir Cegid Exabanque<\/a><\/p><\/div><\/div>\t\t\t\t<\/div>\n\t\t\t\t<\/div>\n\t\t\t\t\t<\/div>\n\t\t<\/div>\n\t\t\t\t<div class=\"elementor-column elementor-col-50 elementor-inner-column elementor-element elementor-element-0dbadeb\" data-id=\"0dbadeb\" data-element_type=\"column\">\n\t\t\t<div class=\"elementor-widget-wrap elementor-element-populated\">\n\t\t\t\t\t\t<div class=\"elementor-element elementor-element-d71ae49 elementor-position-top elementor-widget elementor-widget-image-box\" data-id=\"d71ae49\" data-element_type=\"widget\" data-widget_type=\"image-box.default\">\n\t\t\t\t<div class=\"elementor-widget-container\">\n\t\t\t\t\t<div class=\"elementor-image-box-wrapper\"><figure class=\"elementor-image-box-img\"><img decoding=\"async\" width=\"564\" height=\"360\" src=\"https:\/\/www.iziago.com\/wp-content\/uploads\/2022\/05\/solution-allmybanks-en-1.jpg\" class=\"attachment-medium_large size-medium_large wp-image-20706\" alt=\"Soluci\u00f3n Allmybanks\" srcset=\"https:\/\/www.iziago.com\/wp-content\/uploads\/2022\/05\/solution-allmybanks-en-1.jpg 564w, https:\/\/www.iziago.com\/wp-content\/uploads\/2022\/05\/solution-allmybanks-en-1-300x191.jpg 300w\" sizes=\"(max-width: 564px) 100vw, 564px\" \/><\/figure><div class=\"elementor-image-box-content\"><h3 class=\"elementor-image-box-title\">Software de gesti\u00f3n de pagos y tesorer\u00eda para grupos empresariales<\/h3><p class=\"elementor-image-box-description\">Cegid Allmybanks es un software de gesti\u00f3n de pagos y tesorer\u00eda para grandes grupos. Para la comunicaci\u00f3n bancaria internacional, Cegid Allmybanks ofrece los protocolos EBICS y FTP, as\u00ed como una conexi\u00f3n a la red SWIFTnet (L2BA). Con esta soluci\u00f3n certificada por SWIFT, se beneficiar\u00e1 de una mayor seguridad: flujo de validaci\u00f3n de pagos y beneficiarios, auditor\u00eda autom\u00e1tica de terceros, principio 4\/6 ojos, etc.   <a class=\"IZI-a-bt\" href=\"https:\/\/www.allmybanks.com\/es\" target=\"_blank\">Descubrir Cegid Allmybanks<\/a><\/p><\/div><\/div>\t\t\t\t<\/div>\n\t\t\t\t<\/div>\n\t\t\t\t\t<\/div>\n\t\t<\/div>\n\t\t\t\t\t<\/div>\n\t\t<\/section>\n\t\t\t\t\t<\/div>\n\t\t<\/div>\n\t\t\t\t\t<\/div>\n\t\t<\/section>\n\t\t\t\t<\/div>\n\t\t","protected":false},"excerpt":{"rendered":"<p>Cegid Iziago, software editado por Exalog, a Cegid company Exalog, a Cegid company: editor de software en modo SaaS *SaaS=Software as a Service Especialista en flujos financieros desde 1984Cegid Iziago es una suite de software publicada por Exalog, una empresa de Cegid desde 2016. Exalog, a Cegid company ofrece a las empresas su software de [&hellip;]<\/p>\n","protected":false},"author":10,"featured_media":0,"parent":0,"menu_order":0,"comment_status":"closed","ping_status":"closed","template":"","meta":{"site-sidebar-layout":"no-sidebar","site-content-layout":"default","ast-site-content-layout":"","site-content-style":"default","site-sidebar-style":"default","ast-global-header-display":"","ast-banner-title-visibility":"","ast-main-header-display":"","ast-hfb-above-header-display":"","ast-hfb-below-header-display":"","ast-hfb-mobile-header-display":"","site-post-title":"disabled","ast-breadcrumbs-content":"","ast-featured-img":"disabled","footer-sml-layout":"","theme-transparent-header-meta":"default","adv-header-id-meta":"","stick-header-meta":"","header-above-stick-meta":"","header-main-stick-meta":"","header-below-stick-meta":"","astra-migrate-meta-layouts":"default","ast-page-background-enabled":"default","ast-page-background-meta":{"desktop":{"background-color":"var(--ast-global-color-4)","background-image":"","background-repeat":"repeat","background-position":"center center","background-size":"auto","background-attachment":"scroll","background-type":"","background-media":"","overlay-type":"","overlay-color":"","overlay-opacity":"","overlay-gradient":""},"tablet":{"background-color":"","background-image":"","background-repeat":"repeat","background-position":"center center","background-size":"auto","background-attachment":"scroll","background-type":"","background-media":"","overlay-type":"","overlay-color":"","overlay-opacity":"","overlay-gradient":""},"mobile":{"background-color":"","background-image":"","background-repeat":"repeat","background-position":"center center","background-size":"auto","background-attachment":"scroll","background-type":"","background-media":"","overlay-type":"","overlay-color":"","overlay-opacity":"","overlay-gradient":""}},"ast-content-background-meta":{"desktop":{"background-color":"var(--ast-global-color-5)","background-image":"","background-repeat":"repeat","background-position":"center center","background-size":"auto","background-attachment":"scroll","background-type":"","background-media":"","overlay-type":"","overlay-color":"","overlay-opacity":"","overlay-gradient":""},"tablet":{"background-color":"var(--ast-global-color-5)","background-image":"","background-repeat":"repeat","background-position":"center center","background-size":"auto","background-attachment":"scroll","background-type":"","background-media":"","overlay-type":"","overlay-color":"","overlay-opacity":"","overlay-gradient":""},"mobile":{"background-color":"var(--ast-global-color-5)","background-image":"","background-repeat":"repeat","background-position":"center center","background-size":"auto","background-attachment":"scroll","background-type":"","background-media":"","overlay-type":"","overlay-color":"","overlay-opacity":"","overlay-gradient":""}},"footnotes":""},"class_list":["post-8993","page","type-page","status-publish","hentry"],"yoast_head":"<!-- This site is optimized with the Yoast SEO plugin v24.7 - https:\/\/yoast.com\/wordpress\/plugins\/seo\/ -->\n<title>\u00bfQui\u00e9nes somos? - Cegid Iziago<\/title>\n<meta name=\"description\" content=\"Fundada en 1984, Exalog est\u00e1 especializada en software de gesti\u00f3n de pagos y tesorer\u00eda en modo SaaS.\" \/>\n<meta name=\"robots\" content=\"index, follow, max-snippet:-1, max-image-preview:large, max-video-preview:-1\" \/>\n<link rel=\"canonical\" href=\"https:\/\/www.iziago.com\/es\/quienes-somos\/\" \/>\n<meta property=\"og:locale\" content=\"es_ES\" \/>\n<meta property=\"og:type\" content=\"article\" \/>\n<meta property=\"og:title\" content=\"\u00bfQui\u00e9nes somos? - Cegid Iziago\" \/>\n<meta property=\"og:description\" content=\"Fundada en 1984, Exalog est\u00e1 especializada en software de gesti\u00f3n de pagos y tesorer\u00eda en modo SaaS.\" \/>\n<meta property=\"og:url\" content=\"https:\/\/www.iziago.com\/es\/quienes-somos\/\" \/>\n<meta property=\"og:site_name\" content=\"Cegid Iziago\" \/>\n<meta property=\"article:modified_time\" content=\"2025-01-07T13:42:22+00:00\" \/>\n<meta property=\"og:image\" content=\"https:\/\/www.iziago.com\/wp-content\/uploads\/2021\/08\/meeting.jpg\" \/>\n\t<meta property=\"og:image:width\" content=\"1100\" \/>\n\t<meta property=\"og:image:height\" content=\"660\" \/>\n\t<meta property=\"og:image:type\" content=\"image\/jpeg\" \/>\n<meta name=\"twitter:card\" content=\"summary_large_image\" \/>\n<meta name=\"twitter:label1\" content=\"Tiempo de lectura\" \/>\n\t<meta name=\"twitter:data1\" content=\"2 minutos\" \/>\n<script type=\"application\/ld+json\" class=\"yoast-schema-graph\">{\"@context\":\"https:\/\/schema.org\",\"@graph\":[{\"@type\":[\"WebPage\",\"AboutPage\"],\"@id\":\"https:\/\/www.iziago.com\/es\/quienes-somos\/\",\"url\":\"https:\/\/www.iziago.com\/es\/quienes-somos\/\",\"name\":\"\u00bfQui\u00e9nes somos? - Cegid Iziago\",\"isPartOf\":{\"@id\":\"https:\/\/www.iziago.com\/es\/#website\"},\"primaryImageOfPage\":{\"@id\":\"https:\/\/www.iziago.com\/es\/quienes-somos\/#primaryimage\"},\"image\":{\"@id\":\"https:\/\/www.iziago.com\/es\/quienes-somos\/#primaryimage\"},\"thumbnailUrl\":\"https:\/\/www.iziago.com\/wp-content\/uploads\/2021\/08\/meeting.jpg\",\"datePublished\":\"2020-04-17T11:36:21+00:00\",\"dateModified\":\"2025-01-07T13:42:22+00:00\",\"description\":\"Fundada en 1984, Exalog est\u00e1 especializada en software de gesti\u00f3n de pagos y tesorer\u00eda en modo SaaS.\",\"breadcrumb\":{\"@id\":\"https:\/\/www.iziago.com\/es\/quienes-somos\/#breadcrumb\"},\"inLanguage\":\"es\",\"potentialAction\":[{\"@type\":\"ReadAction\",\"target\":[\"https:\/\/www.iziago.com\/es\/quienes-somos\/\"]}]},{\"@type\":\"ImageObject\",\"inLanguage\":\"es\",\"@id\":\"https:\/\/www.iziago.com\/es\/quienes-somos\/#primaryimage\",\"url\":\"https:\/\/www.iziago.com\/wp-content\/uploads\/2021\/08\/meeting.jpg\",\"contentUrl\":\"https:\/\/www.iziago.com\/wp-content\/uploads\/2021\/08\/meeting.jpg\"},{\"@type\":\"BreadcrumbList\",\"@id\":\"https:\/\/www.iziago.com\/es\/quienes-somos\/#breadcrumb\",\"itemListElement\":[{\"@type\":\"ListItem\",\"position\":1,\"name\":\"Home\",\"item\":\"https:\/\/www.iziago.com\/es\/\"},{\"@type\":\"ListItem\",\"position\":2,\"name\":\"\u00bfQui\u00e9nes somos?\"}]},{\"@type\":\"WebSite\",\"@id\":\"https:\/\/www.iziago.com\/es\/#website\",\"url\":\"https:\/\/www.iziago.com\/es\/\",\"name\":\"Cegid Iziago\",\"description\":\"Logiciel de gestion des paiements et de la tr\u00e9sorerie pour les PME\",\"publisher\":{\"@id\":\"https:\/\/www.iziago.com\/es\/#organization\"},\"potentialAction\":[{\"@type\":\"SearchAction\",\"target\":{\"@type\":\"EntryPoint\",\"urlTemplate\":\"https:\/\/www.iziago.com\/es\/?s={search_term_string}\"},\"query-input\":{\"@type\":\"PropertyValueSpecification\",\"valueRequired\":true,\"valueName\":\"search_term_string\"}}],\"inLanguage\":\"es\"},{\"@type\":\"Organization\",\"@id\":\"https:\/\/www.iziago.com\/es\/#organization\",\"name\":\"Iziago\",\"url\":\"https:\/\/www.iziago.com\/es\/\",\"logo\":{\"@type\":\"ImageObject\",\"inLanguage\":\"es\",\"@id\":\"https:\/\/www.iziago.com\/es\/#\/schema\/logo\/image\/\",\"url\":\"https:\/\/www.iziago.com\/wp-content\/uploads\/2021\/06\/logo-iziago.png\",\"contentUrl\":\"https:\/\/www.iziago.com\/wp-content\/uploads\/2021\/06\/logo-iziago.png\",\"width\":349,\"height\":137,\"caption\":\"Iziago\"},\"image\":{\"@id\":\"https:\/\/www.iziago.com\/es\/#\/schema\/logo\/image\/\"},\"sameAs\":[\"https:\/\/fr.linkedin.com\/showcase\/iziago-software\",\"https:\/\/www.pinterest.fr\/iziago0513\/\",\"https:\/\/www.youtube.com\/channel\/UCpSg6OA9VmRaU7H3AjlAH5g\"]}]}<\/script>\n<!-- \/ Yoast SEO plugin. -->","yoast_head_json":{"title":"\u00bfQui\u00e9nes somos? - Cegid Iziago","description":"Fundada en 1984, Exalog est\u00e1 especializada en software de gesti\u00f3n de pagos y tesorer\u00eda en modo SaaS.","robots":{"index":"index","follow":"follow","max-snippet":"max-snippet:-1","max-image-preview":"max-image-preview:large","max-video-preview":"max-video-preview:-1"},"canonical":"https:\/\/www.iziago.com\/es\/quienes-somos\/","og_locale":"es_ES","og_type":"article","og_title":"\u00bfQui\u00e9nes somos? - Cegid Iziago","og_description":"Fundada en 1984, Exalog est\u00e1 especializada en software de gesti\u00f3n de pagos y tesorer\u00eda en modo SaaS.","og_url":"https:\/\/www.iziago.com\/es\/quienes-somos\/","og_site_name":"Cegid Iziago","article_modified_time":"2025-01-07T13:42:22+00:00","og_image":[{"width":1100,"height":660,"url":"https:\/\/www.iziago.com\/wp-content\/uploads\/2021\/08\/meeting.jpg","type":"image\/jpeg"}],"twitter_card":"summary_large_image","twitter_misc":{"Tiempo de lectura":"2 minutos"},"schema":{"@context":"https:\/\/schema.org","@graph":[{"@type":["WebPage","AboutPage"],"@id":"https:\/\/www.iziago.com\/es\/quienes-somos\/","url":"https:\/\/www.iziago.com\/es\/quienes-somos\/","name":"\u00bfQui\u00e9nes somos? - Cegid Iziago","isPartOf":{"@id":"https:\/\/www.iziago.com\/es\/#website"},"primaryImageOfPage":{"@id":"https:\/\/www.iziago.com\/es\/quienes-somos\/#primaryimage"},"image":{"@id":"https:\/\/www.iziago.com\/es\/quienes-somos\/#primaryimage"},"thumbnailUrl":"https:\/\/www.iziago.com\/wp-content\/uploads\/2021\/08\/meeting.jpg","datePublished":"2020-04-17T11:36:21+00:00","dateModified":"2025-01-07T13:42:22+00:00","description":"Fundada en 1984, Exalog est\u00e1 especializada en software de gesti\u00f3n de pagos y tesorer\u00eda en modo SaaS.","breadcrumb":{"@id":"https:\/\/www.iziago.com\/es\/quienes-somos\/#breadcrumb"},"inLanguage":"es","potentialAction":[{"@type":"ReadAction","target":["https:\/\/www.iziago.com\/es\/quienes-somos\/"]}]},{"@type":"ImageObject","inLanguage":"es","@id":"https:\/\/www.iziago.com\/es\/quienes-somos\/#primaryimage","url":"https:\/\/www.iziago.com\/wp-content\/uploads\/2021\/08\/meeting.jpg","contentUrl":"https:\/\/www.iziago.com\/wp-content\/uploads\/2021\/08\/meeting.jpg"},{"@type":"BreadcrumbList","@id":"https:\/\/www.iziago.com\/es\/quienes-somos\/#breadcrumb","itemListElement":[{"@type":"ListItem","position":1,"name":"Home","item":"https:\/\/www.iziago.com\/es\/"},{"@type":"ListItem","position":2,"name":"\u00bfQui\u00e9nes somos?"}]},{"@type":"WebSite","@id":"https:\/\/www.iziago.com\/es\/#website","url":"https:\/\/www.iziago.com\/es\/","name":"Cegid Iziago","description":"Logiciel de gestion des paiements et de la tr\u00e9sorerie pour les PME","publisher":{"@id":"https:\/\/www.iziago.com\/es\/#organization"},"potentialAction":[{"@type":"SearchAction","target":{"@type":"EntryPoint","urlTemplate":"https:\/\/www.iziago.com\/es\/?s={search_term_string}"},"query-input":{"@type":"PropertyValueSpecification","valueRequired":true,"valueName":"search_term_string"}}],"inLanguage":"es"},{"@type":"Organization","@id":"https:\/\/www.iziago.com\/es\/#organization","name":"Iziago","url":"https:\/\/www.iziago.com\/es\/","logo":{"@type":"ImageObject","inLanguage":"es","@id":"https:\/\/www.iziago.com\/es\/#\/schema\/logo\/image\/","url":"https:\/\/www.iziago.com\/wp-content\/uploads\/2021\/06\/logo-iziago.png","contentUrl":"https:\/\/www.iziago.com\/wp-content\/uploads\/2021\/06\/logo-iziago.png","width":349,"height":137,"caption":"Iziago"},"image":{"@id":"https:\/\/www.iziago.com\/es\/#\/schema\/logo\/image\/"},"sameAs":["https:\/\/fr.linkedin.com\/showcase\/iziago-software","https:\/\/www.pinterest.fr\/iziago0513\/","https:\/\/www.youtube.com\/channel\/UCpSg6OA9VmRaU7H3AjlAH5g"]}]}},"_links":{"self":[{"href":"https:\/\/www.iziago.com\/es\/wp-json\/wp\/v2\/pages\/8993","targetHints":{"allow":["GET"]}}],"collection":[{"href":"https:\/\/www.iziago.com\/es\/wp-json\/wp\/v2\/pages"}],"about":[{"href":"https:\/\/www.iziago.com\/es\/wp-json\/wp\/v2\/types\/page"}],"author":[{"embeddable":true,"href":"https:\/\/www.iziago.com\/es\/wp-json\/wp\/v2\/users\/10"}],"replies":[{"embeddable":true,"href":"https:\/\/www.iziago.com\/es\/wp-json\/wp\/v2\/comments?post=8993"}],"version-history":[{"count":56,"href":"https:\/\/www.iziago.com\/es\/wp-json\/wp\/v2\/pages\/8993\/revisions"}],"predecessor-version":[{"id":28744,"href":"https:\/\/www.iziago.com\/es\/wp-json\/wp\/v2\/pages\/8993\/revisions\/28744"}],"wp:attachment":[{"href":"https:\/\/www.iziago.com\/es\/wp-json\/wp\/v2\/media?parent=8993"}],"curies":[{"name":"wp","href":"https:\/\/api.w.org\/{rel}","templated":true}]}}